{"id":1842,"date":"2023-10-09T13:26:27","date_gmt":"2023-10-09T13:26:27","guid":{"rendered":"https:\/\/espace14-dental.com\/?page_id=1842"},"modified":"2026-03-13T16:16:04","modified_gmt":"2026-03-13T16:16:04","slug":"access-implants","status":"publish","type":"page","link":"https:\/\/www.espace14-dental.com\/fr\/access-implants\/","title":{"rendered":"Implant Infra Bone Level"},"content":{"rendered":"<div data-elementor-type=\"wp-page\" data-elementor-id=\"1842\" class=\"elementor elementor-1842\">\n\t\t\t\t<div class=\"elementor-element elementor-element-d812b9f e-con-full e-flex e-con e-parent\" data-id=\"d812b9f\" data-element_type=\"container\" data-e-type=\"container\" data-settings=\"{&quot;background_background&quot;:&quot;classic&quot;}\">\n\t\t<div class=\"elementor-element elementor-element-a003715 e-con-full e-flex e-con e-child\" data-id=\"a003715\" data-element_type=\"container\" data-e-type=\"container\">\n\t\t\t\t<div class=\"elementor-element elementor-element-4ddc670 elementor-widget__width-inherit exad-sticky-section-no exad-glass-effect-no elementor-widget elementor-widget-heading\" data-id=\"4ddc670\" data-element_type=\"widget\" data-e-type=\"widget\" data-widget_type=\"heading.default\">\n\t\t\t\t<div class=\"elementor-widget-container\">\n\t\t\t\t\t<h3 class=\"elementor-heading-title elementor-size-xl\">INFRA BONE LEVEL IMPLANT<\/h3>\t\t\t\t<\/div>\n\t\t\t\t<\/div>\n\t\t\t\t<\/div>\n\t\t\t\t<\/div>\n\t\t<div class=\"elementor-element elementor-element-bc07d09 e-flex e-con-boxed e-con e-parent\" data-id=\"bc07d09\" data-element_type=\"container\" data-e-type=\"container\">\n\t\t\t\t\t<div class=\"e-con-inner\">\n\t\t\t\t<div class=\"elementor-element elementor-element-65ea0e5 exad-sticky-section-no exad-glass-effect-no elementor-widget elementor-widget-text-editor\" data-id=\"65ea0e5\" data-element_type=\"widget\" data-e-type=\"widget\" data-widget_type=\"text-editor.default\">\n\t\t\t\t<div class=\"elementor-widget-container\">\n\t\t\t\t\t\t\t\t\t<p>L'implant \u00ab Infra Bone Level \u00bb fait partie de toute une gamme de dispositifs m\u00e9dicaux adapt\u00e9s \u00e0 l'implantologie, offrant une gamme compl\u00e8te de possibilit\u00e9s th\u00e9rapeutiques pour le traitement des \u00e9dentements simples ou multiples, depuis les zones ant\u00e9rieures (optimisation esth\u00e9tique) jusqu'aux zones post\u00e9rieures.<br \/><br \/><\/p><p>Gr\u00e2ce \u00e0 la qualit\u00e9 de sa conception (fabrication allemande), de sa finition de surface (SLA) et de ses connecteurs, il permet une int\u00e9gration optimis\u00e9e des tissus durs et mous, tout en respectant les imp\u00e9ratifs biologiques.<br \/><br \/><\/p><p>Son co\u00fbt abordable fait de cette implant un outil majeur pour la r\u00e9habilitation proth\u00e9tique implanto-port\u00e9e.<\/p>\t\t\t\t\t\t\t\t<\/div>\n\t\t\t\t<\/div>\n\t\t\t\t\t<\/div>\n\t\t\t\t<\/div>\n\t\t\t\t<section class=\"elementor-section elementor-top-section elementor-element elementor-element-18ae36a6 elementor-section-height-min-height elementor-section-items-top elementor-section-content-top elementor-section-boxed elementor-section-height-default exad-glass-effect-no exad-sticky-section-no\" data-id=\"18ae36a6\" data-element_type=\"section\" data-e-type=\"section\" id=\"xs_tab_10\" data-settings=\"{&quot;background_background&quot;:&quot;classic&quot;}\">\n\t\t\t\t\t\t<div class=\"elementor-container elementor-column-gap-default\">\n\t\t\t\t\t<div class=\"elementor-column elementor-col-100 elementor-top-column elementor-element elementor-element-3b1c8ef7 exad-glass-effect-no exad-sticky-section-no\" data-id=\"3b1c8ef7\" data-element_type=\"column\" data-e-type=\"column\">\n\t\t\t<div class=\"elementor-widget-wrap elementor-element-populated\">\n\t\t\t\t\t\t<div class=\"elementor-element elementor-element-630a2ce2 exad-sticky-section-no exad-glass-effect-no elementor-widget elementor-widget-elementskit-simple-tab\" data-id=\"630a2ce2\" data-element_type=\"widget\" data-e-type=\"widget\" data-widget_type=\"elementskit-simple-tab.default\">\n\t\t\t\t<div class=\"elementor-widget-container\">\n\t\t\t\t\t<div class=\"ekit-wid-con\" >        <div class=\"elementkit-tab-wraper\">\n            <ul class=\"nav nav-tabs elementkit-tab-nav  elementskit_tab_border_bottm elementskit_tab_border_bottm elementskit-fullwidth-tab\">\n                                    <li class=\"elementkit-nav-item elementor-repeater-item-e7fb3c4\">\n                        <a class=\"elementkit-nav-link  active show left-pos\" id=\"content-e7fb3c469faa8e502a6f-tab\" data-ekit-handler-id=\"infra-bone-level\" data-ekit-toggle=\"tab\" data-target=\"#content-e7fb3c469faa8e502a6f\" href=\"#Content-e7fb3c469faa8e502a6f\"\n                            data-ekit-toggle-trigger=\"click\"\n                            aria-describedby=\"Content-e7fb3c469faa8e502a6f\">\n                                                        <span class=\"elementskit-tab-title\">Infra Bone Level<\/span>\n                        <\/a>\n                    <\/li>\n                                        <li class=\"elementkit-nav-item elementor-repeater-item-9077dfd\">\n                        <a class=\"elementkit-nav-link  left-pos\" id=\"content-9077dfd69faa8e502a6f-tab\" data-ekit-handler-id=\"hydrophilic-surface\" data-ekit-toggle=\"tab\" data-target=\"#content-9077dfd69faa8e502a6f\" href=\"#Content-9077dfd69faa8e502a6f\"\n                            data-ekit-toggle-trigger=\"click\"\n                            aria-describedby=\"Content-9077dfd69faa8e502a6f\">\n                                                        <span class=\"elementskit-tab-title\">Surface Hydrophile<\/span>\n                        <\/a>\n                    <\/li>\n                                        <li class=\"elementkit-nav-item elementor-repeater-item-00f52ae\">\n                        <a class=\"elementkit-nav-link  left-pos\" id=\"content-00f52ae69faa8e502a6f-tab\" data-ekit-handler-id=\"instruments\" data-ekit-toggle=\"tab\" data-target=\"#content-00f52ae69faa8e502a6f\" href=\"#Content-00f52ae69faa8e502a6f\"\n                            data-ekit-toggle-trigger=\"click\"\n                            aria-describedby=\"Content-00f52ae69faa8e502a6f\">\n                                                        <span class=\"elementskit-tab-title\">Ancillaires<\/span>\n                        <\/a>\n                    <\/li>\n                                        <li class=\"elementkit-nav-item elementor-repeater-item-ad34ed5\">\n                        <a class=\"elementkit-nav-link  left-pos\" id=\"content-ad34ed569faa8e502a6f-tab\" data-ekit-handler-id=\"cad-cam\" data-ekit-toggle=\"tab\" data-target=\"#content-ad34ed569faa8e502a6f\" href=\"#Content-ad34ed569faa8e502a6f\"\n                            data-ekit-toggle-trigger=\"click\"\n                            aria-describedby=\"Content-ad34ed569faa8e502a6f\">\n                                                        <span class=\"elementskit-tab-title\">CAD\/CAM<\/span>\n                        <\/a>\n                    <\/li>\n                                        <li class=\"elementkit-nav-item elementor-repeater-item-33881b5\">\n                        <a class=\"elementkit-nav-link  left-pos\" id=\"content-33881b569faa8e502a6f-tab\" data-ekit-handler-id=\"download\" data-ekit-toggle=\"tab\" data-target=\"#content-33881b569faa8e502a6f\" href=\"#Content-33881b569faa8e502a6f\"\n                            data-ekit-toggle-trigger=\"click\"\n                            aria-describedby=\"Content-33881b569faa8e502a6f\">\n                                                        <span class=\"elementskit-tab-title\">Brochure<\/span>\n                        <\/a>\n                    <\/li>\n                                <\/ul>\n\n            <div class=\"tab-content elementkit-tab-content\">\n                                    <div class=\"tab-pane elementkit-tab-pane elementor-repeater-item-e7fb3c4  active show\" id=\"content-e7fb3c469faa8e502a6f\" role=\"tabpanel\"\n                         aria-labelledby=\"content-e7fb3c469faa8e502a6f-tab\">\n                        <div class=\"animated fadeIn\">\n                            <p style=\"text-align: center;\"><img fetchpriority=\"high\" decoding=\"async\" class=\"alignnone wp-image-4743\" src=\"https:\/\/www.espace14-dental.com\/wp-content\/uploads\/2025\/12\/Implant_IBL_Corps_FR_2025_3.png\" alt=\"Implants - Infra Bone Level - body's details\" width=\"650\" height=\"920\" srcset=\"https:\/\/www.espace14-dental.com\/wp-content\/uploads\/2025\/12\/Implant_IBL_Corps_FR_2025_3.png 1393w, https:\/\/www.espace14-dental.com\/wp-content\/uploads\/2025\/12\/Implant_IBL_Corps_FR_2025_3-233x300.png 233w, https:\/\/www.espace14-dental.com\/wp-content\/uploads\/2025\/12\/Implant_IBL_Corps_FR_2025_3-796x1024.png 796w, https:\/\/www.espace14-dental.com\/wp-content\/uploads\/2025\/12\/Implant_IBL_Corps_FR_2025_3-768x988.png 768w, https:\/\/www.espace14-dental.com\/wp-content\/uploads\/2025\/12\/Implant_IBL_Corps_FR_2025_3-1194x1536.png 1194w, https:\/\/www.espace14-dental.com\/wp-content\/uploads\/2025\/12\/Implant_IBL_Corps_FR_2025_3-9x12.png 9w\" sizes=\"(max-width: 650px) 100vw, 650px\" \/><\/p>                        <\/div>\n                    <\/div>\n                                    <div class=\"tab-pane elementkit-tab-pane elementor-repeater-item-9077dfd\" id=\"content-9077dfd69faa8e502a6f\" role=\"tabpanel\"\n                         aria-labelledby=\"content-9077dfd69faa8e502a6f-tab\">\n                        <div class=\"animated fadeIn\">\n                            <p><img decoding=\"async\" class=\"aligncenter wp-image-1859\" src=\"https:\/\/www.espace14-dental.com\/wp-content\/uploads\/2024\/02\/ACCESS_-SLA-SURFACE-FR-.png\" alt=\"Access Implant - SLA AHS - Hydrofilic Surface\" width=\"700\" height=\"529\" data-wp-editing=\"1\" srcset=\"https:\/\/www.espace14-dental.com\/wp-content\/uploads\/2024\/02\/ACCESS_-SLA-SURFACE-FR-.png 1779w, https:\/\/www.espace14-dental.com\/wp-content\/uploads\/2024\/02\/ACCESS_-SLA-SURFACE-FR--222x300.png 222w, https:\/\/www.espace14-dental.com\/wp-content\/uploads\/2024\/02\/ACCESS_-SLA-SURFACE-FR--759x1024.png 759w, https:\/\/www.espace14-dental.com\/wp-content\/uploads\/2024\/02\/ACCESS_-SLA-SURFACE-FR--768x1037.png 768w, https:\/\/www.espace14-dental.com\/wp-content\/uploads\/2024\/02\/ACCESS_-SLA-SURFACE-FR--1138x1536.png 1138w, https:\/\/www.espace14-dental.com\/wp-content\/uploads\/2024\/02\/ACCESS_-SLA-SURFACE-FR--1517x2048.png 1517w, https:\/\/www.espace14-dental.com\/wp-content\/uploads\/2024\/02\/ACCESS_-SLA-SURFACE-FR--9x12.png 9w\" sizes=\"(max-width: 700px) 100vw, 700px\" \/><\/p>                        <\/div>\n                    <\/div>\n                                    <div class=\"tab-pane elementkit-tab-pane elementor-repeater-item-00f52ae\" id=\"content-00f52ae69faa8e502a6f\" role=\"tabpanel\"\n                         aria-labelledby=\"content-00f52ae69faa8e502a6f-tab\">\n                        <div class=\"animated fadeIn\">\n                            <p style=\"text-align: center;\"><img decoding=\"async\" class=\"alignnone wp-image-4737\" src=\"https:\/\/www.espace14-dental.com\/wp-content\/uploads\/2025\/12\/IBL_Imp_Instrument_2025_FR-scaled.png\" alt=\"Implant IBL - Instruments - Surgical kit and Prosthetic\" width=\"700\" height=\"825\" srcset=\"https:\/\/www.espace14-dental.com\/wp-content\/uploads\/2025\/12\/IBL_Imp_Instrument_2025_FR-scaled.png 2171w, https:\/\/www.espace14-dental.com\/wp-content\/uploads\/2025\/12\/IBL_Imp_Instrument_2025_FR-254x300.png 254w, https:\/\/www.espace14-dental.com\/wp-content\/uploads\/2025\/12\/IBL_Imp_Instrument_2025_FR-869x1024.png 869w, https:\/\/www.espace14-dental.com\/wp-content\/uploads\/2025\/12\/IBL_Imp_Instrument_2025_FR-768x905.png 768w, https:\/\/www.espace14-dental.com\/wp-content\/uploads\/2025\/12\/IBL_Imp_Instrument_2025_FR-1303x1536.png 1303w, https:\/\/www.espace14-dental.com\/wp-content\/uploads\/2025\/12\/IBL_Imp_Instrument_2025_FR-1737x2048.png 1737w, https:\/\/www.espace14-dental.com\/wp-content\/uploads\/2025\/12\/IBL_Imp_Instrument_2025_FR-10x12.png 10w\" sizes=\"(max-width: 700px) 100vw, 700px\" \/><\/p>                        <\/div>\n                    <\/div>\n                                    <div class=\"tab-pane elementkit-tab-pane elementor-repeater-item-ad34ed5\" id=\"content-ad34ed569faa8e502a6f\" role=\"tabpanel\"\n                         aria-labelledby=\"content-ad34ed569faa8e502a6f-tab\">\n                        <div class=\"animated fadeIn\">\n                            <p><img loading=\"lazy\" decoding=\"async\" class=\"aligncenter wp-image-1882\" src=\"https:\/\/www.espace14-dental.com\/wp-content\/uploads\/2024\/02\/ACCESS_CAD-CAM_FR-.png\" alt=\"Access Implant - CAD CAM\" width=\"700\" height=\"407\" srcset=\"https:\/\/www.espace14-dental.com\/wp-content\/uploads\/2024\/02\/ACCESS_CAD-CAM_FR-.png 2607w, https:\/\/www.espace14-dental.com\/wp-content\/uploads\/2024\/02\/ACCESS_CAD-CAM_FR--300x199.png 300w, https:\/\/www.espace14-dental.com\/wp-content\/uploads\/2024\/02\/ACCESS_CAD-CAM_FR--1024x678.png 1024w, https:\/\/www.espace14-dental.com\/wp-content\/uploads\/2024\/02\/ACCESS_CAD-CAM_FR--768x509.png 768w, https:\/\/www.espace14-dental.com\/wp-content\/uploads\/2024\/02\/ACCESS_CAD-CAM_FR--1536x1018.png 1536w, https:\/\/www.espace14-dental.com\/wp-content\/uploads\/2024\/02\/ACCESS_CAD-CAM_FR--2048x1357.png 2048w, https:\/\/www.espace14-dental.com\/wp-content\/uploads\/2024\/02\/ACCESS_CAD-CAM_FR--18x12.png 18w\" sizes=\"(max-width: 700px) 100vw, 700px\" \/><\/p>                        <\/div>\n                    <\/div>\n                                    <div class=\"tab-pane elementkit-tab-pane elementor-repeater-item-33881b5\" id=\"content-33881b569faa8e502a6f\" role=\"tabpanel\"\n                         aria-labelledby=\"content-33881b569faa8e502a6f-tab\">\n                        <div class=\"animated fadeIn\">\n                            <p><div class=\"_df_book df-lite\" id=\"df_4721\"  _slug=\"4721\" data-title=\"\" wpoptions=\"true\" thumb=\"https:\/\/www.espace14-dental.com\/wp-content\/uploads\/2025\/12\/Miniature_Guide_IBL2025_flipBook.jpg\" thumbtype=\"\" ><\/div><script class=\"df-shortcode-script\" nowprocket type=\"application\/javascript\">window.option_df_4721 = {\"outline\":[],\"autoEnableOutline\":\"false\",\"autoEnableThumbnail\":\"false\",\"overwritePDFOutline\":\"false\",\"direction\":\"1\",\"pageSize\":\"0\",\"source\":\"https:\\\/\\\/www.espace14-dental.com\\\/wp-content\\\/uploads\\\/2025\\\/12\\\/Espace14_Implant_InfraBoneLevel_FRA.pdf\",\"wpOptions\":\"true\"}; if(window.DFLIP && window.DFLIP.parseBooks){window.DFLIP.parseBooks();}<\/script><\/p><hr \/>                        <\/div>\n                    <\/div>\n                                \n            <\/div>\n                    <\/div>\n    <\/div>\t\t\t\t<\/div>\n\t\t\t\t<\/div>\n\t\t\t\t<div class=\"elementor-element elementor-element-fdd2f51 animated-slow exad-sticky-section-no exad-glass-effect-no elementor-invisible elementor-widget elementor-widget-text-editor\" data-id=\"fdd2f51\" data-element_type=\"widget\" data-e-type=\"widget\" data-settings=\"{&quot;_animation&quot;:&quot;bounceIn&quot;,&quot;_animation_delay&quot;:1000}\" data-no-translation=\"\" data-widget_type=\"text-editor.default\">\n\t\t\t\t<div class=\"elementor-widget-container\">\n\t\t\t\t\t<style>.elementor-element-fdd2f51{display:none !important}<\/style>\t\t\t\t<\/div>\n\t\t\t\t<\/div>\n\t\t\t\t<div class=\"elementor-element elementor-element-57b1136 elementor-widget-divider--view-line exad-sticky-section-no exad-glass-effect-no elementor-widget elementor-widget-divider\" data-id=\"57b1136\" data-element_type=\"widget\" data-e-type=\"widget\" data-widget_type=\"divider.default\">\n\t\t\t\t<div class=\"elementor-widget-container\">\n\t\t\t\t\t\t\t<div class=\"elementor-divider\">\n\t\t\t<span class=\"elementor-divider-separator\">\n\t\t\t\t\t\t<\/span>\n\t\t<\/div>\n\t\t\t\t\t\t<\/div>\n\t\t\t\t<\/div>\n\t\t\t\t\t<\/div>\n\t\t<\/div>\n\t\t\t\t\t<\/div>\n\t\t<\/section>\n\t\t\t\t<\/div>","protected":false},"excerpt":{"rendered":"<p>INFRA BONE LEVEL IMPLANT The &#8220;Infra Bone Level&#8221; implant is one of a whole range of medical devices suitable for implantology, offering a full range of therapeutic possibilities for the treatment of single or multiple edentulism, from the anterior areas (optimizing esthetics) to the posterior areas. Thanks to the quality of its design (German manufacture), [&hellip;]<\/p>\n","protected":false},"author":1,"featured_media":0,"parent":0,"menu_order":0,"comment_status":"closed","ping_status":"closed","template":"","meta":{"om_disable_all_campaigns":false,"_monsterinsights_skip_tracking":false,"_monsterinsights_sitenote_active":false,"_monsterinsights_sitenote_note":"","_monsterinsights_sitenote_category":0,"site-sidebar-layout":"no-sidebar","site-content-layout":"page-builder","ast-site-content-layout":"full-width-container","site-content-style":"default","site-sidebar-style":"default","ast-global-header-display":"","ast-banner-title-visibility":"","ast-main-header-display":"","ast-hfb-above-header-display":"","ast-hfb-below-header-display":"","ast-hfb-mobile-header-display":"","site-post-title":"disabled","ast-breadcrumbs-content":"","ast-featured-img":"disabled","footer-sml-layout":"","ast-disable-related-posts":"","theme-transparent-header-meta":"","adv-header-id-meta":"","stick-header-meta":"","header-above-stick-meta":"","header-main-stick-meta":"","header-below-stick-meta":"","astra-migrate-meta-layouts":"set","ast-page-background-enabled":"default","ast-page-background-meta":{"desktop":{"background-color":"var(--ast-global-color-4)","background-image":"","background-repeat":"repeat","background-position":"center center","background-size":"auto","background-attachment":"scroll","background-type":"","background-media":"","overlay-type":"","overlay-color":"","overlay-opacity":"","overlay-gradient":""},"tablet":{"background-color":"","background-image":"","background-repeat":"repeat","background-position":"center center","background-size":"auto","background-attachment":"scroll","background-type":"","background-media":"","overlay-type":"","overlay-color":"","overlay-opacity":"","overlay-gradient":""},"mobile":{"background-color":"","background-image":"","background-repeat":"repeat","background-position":"center center","background-size":"auto","background-attachment":"scroll","background-type":"","background-media":"","overlay-type":"","overlay-color":"","overlay-opacity":"","overlay-gradient":""}},"ast-content-background-meta":{"desktop":{"background-color":"var(--ast-global-color-5)","background-image":"","background-repeat":"repeat","background-position":"center center","background-size":"auto","background-attachment":"scroll","background-type":"","background-media":"","overlay-type":"","overlay-color":"","overlay-opacity":"","overlay-gradient":""},"tablet":{"background-color":"var(--ast-global-color-5)","background-image":"","background-repeat":"repeat","background-position":"center center","background-size":"auto","background-attachment":"scroll","background-type":"","background-media":"","overlay-type":"","overlay-color":"","overlay-opacity":"","overlay-gradient":""},"mobile":{"background-color":"var(--ast-global-color-5)","background-image":"","background-repeat":"repeat","background-position":"center center","background-size":"auto","background-attachment":"scroll","background-type":"","background-media":"","overlay-type":"","overlay-color":"","overlay-opacity":"","overlay-gradient":""}},"footnotes":""},"class_list":["post-1842","page","type-page","status-publish","hentry"],"aioseo_notices":[],"_links":{"self":[{"href":"https:\/\/www.espace14-dental.com\/fr\/wp-json\/wp\/v2\/pages\/1842","targetHints":{"allow":["GET"]}}],"collection":[{"href":"https:\/\/www.espace14-dental.com\/fr\/wp-json\/wp\/v2\/pages"}],"about":[{"href":"https:\/\/www.espace14-dental.com\/fr\/wp-json\/wp\/v2\/types\/page"}],"author":[{"embeddable":true,"href":"https:\/\/www.espace14-dental.com\/fr\/wp-json\/wp\/v2\/users\/1"}],"replies":[{"embeddable":true,"href":"https:\/\/www.espace14-dental.com\/fr\/wp-json\/wp\/v2\/comments?post=1842"}],"version-history":[{"count":210,"href":"https:\/\/www.espace14-dental.com\/fr\/wp-json\/wp\/v2\/pages\/1842\/revisions"}],"predecessor-version":[{"id":5071,"href":"https:\/\/www.espace14-dental.com\/fr\/wp-json\/wp\/v2\/pages\/1842\/revisions\/5071"}],"wp:attachment":[{"href":"https:\/\/www.espace14-dental.com\/fr\/wp-json\/wp\/v2\/media?parent=1842"}],"curies":[{"name":"wp","href":"https:\/\/api.w.org\/{rel}","templated":true}]}}