{"id":1919,"date":"2023-10-10T14:42:12","date_gmt":"2023-10-10T14:42:12","guid":{"rendered":"https:\/\/espace14-dental.com\/?page_id=1919"},"modified":"2025-06-18T08:06:40","modified_gmt":"2025-06-18T08:06:40","slug":"biomaterials","status":"publish","type":"page","link":"https:\/\/www.espace14-dental.com\/fr\/biomaterials\/","title":{"rendered":"Ligne de Biomat\u00e9riaux"},"content":{"rendered":"<div data-elementor-type=\"wp-page\" data-elementor-id=\"1919\" class=\"elementor elementor-1919\">\n\t\t\t\t<div class=\"elementor-element elementor-element-7ca5b250 e-con-full e-flex e-con e-parent\" data-id=\"7ca5b250\" data-element_type=\"container\" data-e-type=\"container\" data-settings=\"{&quot;background_background&quot;:&quot;classic&quot;}\">\n\t\t<div class=\"elementor-element elementor-element-7698da99 e-con-full e-flex e-con e-child\" data-id=\"7698da99\" data-element_type=\"container\" data-e-type=\"container\">\n\t\t\t\t<div class=\"elementor-element elementor-element-279a16f7 elementor-widget__width-inherit exad-sticky-section-no exad-glass-effect-no elementor-widget elementor-widget-heading\" data-id=\"279a16f7\" data-element_type=\"widget\" data-e-type=\"widget\" data-widget_type=\"heading.default\">\n\t\t\t\t<div class=\"elementor-widget-container\">\n\t\t\t\t\t<h3 class=\"elementor-heading-title elementor-size-xl\">LIGNE DE BIOMATERIAUX<br><br><br><br><br><br><br><br>\n\n\n\n\n\n\nR\u00e9g\u00e9n\u00e9ration osseuse guid\u00e9e<\/h3>\t\t\t\t<\/div>\n\t\t\t\t<\/div>\n\t\t\t\t<\/div>\n\t\t\t\t<\/div>\n\t\t\t\t<section class=\"elementor-section elementor-top-section elementor-element elementor-element-56a57ca1 elementor-section-content-top elementor-section-boxed elementor-section-height-default elementor-section-height-default exad-glass-effect-no exad-sticky-section-no\" data-id=\"56a57ca1\" data-element_type=\"section\" data-e-type=\"section\" id=\"xs_tab_10\" data-settings=\"{&quot;background_background&quot;:&quot;classic&quot;}\">\n\t\t\t\t\t\t<div class=\"elementor-container elementor-column-gap-default\">\n\t\t\t\t\t<div class=\"elementor-column elementor-col-100 elementor-top-column elementor-element elementor-element-2fa193ed exad-glass-effect-no exad-sticky-section-no\" data-id=\"2fa193ed\" data-element_type=\"column\" data-e-type=\"column\">\n\t\t\t<div class=\"elementor-widget-wrap elementor-element-populated\">\n\t\t\t\t\t\t<div class=\"elementor-element elementor-element-fd2a01b exad-sticky-section-no exad-glass-effect-no elementor-widget elementor-widget-text-editor\" data-id=\"fd2a01b\" data-element_type=\"widget\" data-e-type=\"widget\" data-widget_type=\"text-editor.default\">\n\t\t\t\t<div class=\"elementor-widget-container\">\n\t\t\t\t\t\t\t\t\t<p>Savoir g\u00e9rer les d\u00e9ficiences osseuses en implantologie fait partie de la pratique quotidienne du praticien ; Qu'elle soit de faible \u00e9tendue (perte osseuse crestale) ou de grande \u00e9tendue (reconstruction osseuse verticale, horizontale ou combin\u00e9e)<\/p>\n<p>Pour ce faire, le praticien devra utiliser des biomat\u00e9riaux dont la bio-compatibilit\u00e9 et l'efficacit\u00e9 ont \u00e9t\u00e9 largement d\u00e9montr\u00e9es par les auteurs qu'ils soient issus :<br>&nbsp;&nbsp;&nbsp;&nbsp;&nbsp;&nbsp;&nbsp;&nbsp;&nbsp; \u2013 origine humaine (allogreffes)<br>&nbsp;&nbsp;&nbsp;&nbsp;&nbsp;&nbsp;&nbsp;&nbsp;&nbsp; \u2013 origine animale (x\u00e9nogreffes)<br>&nbsp;&nbsp;&nbsp;&nbsp;&nbsp;&nbsp;&nbsp;&nbsp;&nbsp; \u2013 origine synth\u00e9tique<\/p>\n<p>ESPACE 14 propose une gamme vari\u00e9e de biomat\u00e9riaux de comblement osseux et de membranes, permettant de r\u00e9pondre \u00e0 tous les besoins<\/p>\t\t\t\t\t\t\t\t<\/div>\n\t\t\t\t<\/div>\n\t\t\t\t<div class=\"elementor-element elementor-element-dcccdad e-n-tabs-mobile exad-sticky-section-no exad-glass-effect-no elementor-widget elementor-widget-n-tabs\" data-id=\"dcccdad\" data-element_type=\"widget\" data-e-type=\"widget\" data-settings=\"{&quot;horizontal_scroll&quot;:&quot;enable&quot;}\" data-widget_type=\"nested-tabs.default\">\n\t\t\t\t<div class=\"elementor-widget-container\">\n\t\t\t\t\t\t\t<div class=\"e-n-tabs\" data-widget-number=\"231525805\" aria-label=\"Onglets. Ouvrez des \u00e9l\u00e9ments avec Entrer ou Espace, fermez-les avec Echape et naviguez \u00e0 l&#039;aide des touches fl\u00e9ch\u00e9es.\" data-no-translation-aria-label=\"\">\n\t\t\t<div class=\"e-n-tabs-heading\" role=\"tablist\">\n\t\t\t\t\t<button id=\"e-n-tab-title-2315258051\" data-tab-title-id=\"e-n-tab-title-2315258051\" class=\"e-n-tab-title\" aria-selected=\"true\" data-tab-index=\"1\" role=\"tab\" tabindex=\"0\" aria-controls=\"e-n-tab-content-2315258051\" style=\"--n-tabs-title-order: 1;\">\n\t\t\t\t\t\t<span class=\"e-n-tab-title-text\">\n\t\t\t\tSYNTH\u00c9TIQUE\t\t\t<\/span>\n\t\t<\/button>\n\t\t\t\t<button id=\"e-n-tab-title-2315258052\" data-tab-title-id=\"e-n-tab-title-2315258052\" class=\"e-n-tab-title\" aria-selected=\"false\" data-tab-index=\"2\" role=\"tab\" tabindex=\"-1\" aria-controls=\"e-n-tab-content-2315258052\" style=\"--n-tabs-title-order: 2;\">\n\t\t\t\t\t\t<span class=\"e-n-tab-title-text\">\n\t\t\t\tXENOGRAFT\t\t\t<\/span>\n\t\t<\/button>\n\t\t\t\t<button id=\"e-n-tab-title-2315258053\" data-tab-title-id=\"e-n-tab-title-2315258053\" class=\"e-n-tab-title\" aria-selected=\"false\" data-tab-index=\"3\" role=\"tab\" tabindex=\"-1\" aria-controls=\"e-n-tab-content-2315258053\" style=\"--n-tabs-title-order: 3;\">\n\t\t\t\t\t\t<span class=\"e-n-tab-title-text\">\n\t\t\t\tMEMBRANE\t\t\t<\/span>\n\t\t<\/button>\n\t\t\t\t\t<\/div>\n\t\t\t<div class=\"e-n-tabs-content\">\n\t\t\t\t<div id=\"e-n-tab-content-2315258051\" role=\"tabpanel\" aria-labelledby=\"e-n-tab-title-2315258051\" data-tab-index=\"1\" style=\"--n-tabs-title-order: 1;\" class=\"e-active elementor-element elementor-element-3a57f1f e-con-full e-flex e-con e-child\" data-id=\"3a57f1f\" data-element_type=\"container\" data-e-type=\"container\">\n\t\t<div class=\"elementor-element elementor-element-2657950 e-flex e-con-boxed e-con e-child\" data-id=\"2657950\" data-element_type=\"container\" data-e-type=\"container\">\n\t\t\t\t\t<div class=\"e-con-inner\">\n\t\t\t\t<div class=\"elementor-element elementor-element-219e2bf exad-sticky-section-no exad-glass-effect-no elementor-widget elementor-widget-eael-image-accordion\" data-id=\"219e2bf\" data-element_type=\"widget\" data-e-type=\"widget\" data-widget_type=\"eael-image-accordion.default\">\n\t\t\t\t<div class=\"elementor-widget-container\">\n\t\t\t\t\t    <div class=\"eael-img-accordion accordion-direction-horizontal eael-img-accordion-horizontal-align-center eael-img-accordion-vertical-align-center\" id=\"eael-img-accordion-219e2bf\" data-img-accordion-id=\"219e2bf\" data-img-accordion-type=\"on-hover\">\n                    \n            <div class=\"eael-image-accordion-hover eael-image-accordion-item\" style=\"background-image: url(https:\/\/espace14-dental.com\/wp-content\/uploads\/2023\/10\/BONE-IBS_2023_Img_sup3.jpg);\"  tabindex=\"0\">\n                <div class=\"overlay\">\n                                        <div class=\"overlay-inner\">\n                        <h2 class=\"img-accordion-title\"> <\/h2>                            <p><p><img fetchpriority=\"high\" decoding=\"async\" class=\"aligncenter wp-image-2018\" src=\"https:\/\/www.espace14-dental.com\/wp-content\/uploads\/2024\/03\/BONE_IBS_Compact2_FR.jpg\" alt=\"Espace 14 Biomaterial N-Ibs specifications\" width=\"400\" height=\"701\" srcset=\"https:\/\/www.espace14-dental.com\/wp-content\/uploads\/2024\/03\/BONE_IBS_Compact2_FR.jpg 1348w, https:\/\/www.espace14-dental.com\/wp-content\/uploads\/2024\/03\/BONE_IBS_Compact2_FR-171x300.jpg 171w, https:\/\/www.espace14-dental.com\/wp-content\/uploads\/2024\/03\/BONE_IBS_Compact2_FR-585x1024.jpg 585w, https:\/\/www.espace14-dental.com\/wp-content\/uploads\/2024\/03\/BONE_IBS_Compact2_FR-768x1345.jpg 768w, https:\/\/www.espace14-dental.com\/wp-content\/uploads\/2024\/03\/BONE_IBS_Compact2_FR-877x1536.jpg 877w, https:\/\/www.espace14-dental.com\/wp-content\/uploads\/2024\/03\/BONE_IBS_Compact2_FR-1169x2048.jpg 1169w, https:\/\/www.espace14-dental.com\/wp-content\/uploads\/2024\/03\/BONE_IBS_Compact2_FR-7x12.jpg 7w\" sizes=\"(max-width: 400px) 100vw, 400px\" \/><\/p><\/p>\n                                            <\/div>\n                <\/div>\n            <\/div>\n                    \n            <div class=\"eael-image-accordion-hover eael-image-accordion-item\" style=\"background-image: url(https:\/\/espace14-dental.com\/wp-content\/uploads\/2023\/10\/NEOBONE_2023_image-sup3.jpg);\"  tabindex=\"0\">\n                <div class=\"overlay\">\n                                        <div class=\"overlay-inner\">\n                        <h2 class=\"img-accordion-title\"> <\/h2>                            <p><p><img decoding=\"async\" class=\"aligncenter wp-image-1992\" src=\"https:\/\/www.espace14-dental.com\/wp-content\/uploads\/2024\/03\/NEBONE_2023_FR.jpg\" alt=\"Espace 14 Biomaterial Neobone specifications\" width=\"400\" height=\"701\" srcset=\"https:\/\/www.espace14-dental.com\/wp-content\/uploads\/2024\/03\/NEBONE_2023_FR.jpg 1348w, https:\/\/www.espace14-dental.com\/wp-content\/uploads\/2024\/03\/NEBONE_2023_FR-171x300.jpg 171w, https:\/\/www.espace14-dental.com\/wp-content\/uploads\/2024\/03\/NEBONE_2023_FR-585x1024.jpg 585w, https:\/\/www.espace14-dental.com\/wp-content\/uploads\/2024\/03\/NEBONE_2023_FR-768x1345.jpg 768w, https:\/\/www.espace14-dental.com\/wp-content\/uploads\/2024\/03\/NEBONE_2023_FR-877x1536.jpg 877w, https:\/\/www.espace14-dental.com\/wp-content\/uploads\/2024\/03\/NEBONE_2023_FR-1169x2048.jpg 1169w, https:\/\/www.espace14-dental.com\/wp-content\/uploads\/2024\/03\/NEBONE_2023_FR-7x12.jpg 7w\" sizes=\"(max-width: 400px) 100vw, 400px\" \/><\/p><\/p>\n                                            <\/div>\n                <\/div>\n            <\/div>\n                <\/div>\n        <style typr=\"text\/css\">\n                    #eael-img-accordion-219e2bf .eael-image-accordion-hover:hover {\n                        flex: 3 1 0% !important;\n                    }\n                    #eael-img-accordion-219e2bf .eael-image-accordion-hover:hover:hover .overlay-inner * {\n                        opacity: 1;\n                        visibility: visible;\n                        transform: none;\n                        transition: all .3s .3s;\n                    }\n                <\/style>\t\t\t\t<\/div>\n\t\t\t\t<\/div>\n\t\t\t\t\t<\/div>\n\t\t\t\t<\/div>\n\t\t\t\t<\/div>\n\t\t<div id=\"e-n-tab-content-2315258052\" role=\"tabpanel\" aria-labelledby=\"e-n-tab-title-2315258052\" data-tab-index=\"2\" style=\"--n-tabs-title-order: 2;\" class=\"elementor-element elementor-element-f5c0267 e-con-full e-flex e-con e-child\" data-id=\"f5c0267\" data-element_type=\"container\" data-e-type=\"container\">\n\t\t\t\t<div class=\"elementor-element elementor-element-d3bc45b exad-sticky-section-no exad-glass-effect-no elementor-widget elementor-widget-eael-image-accordion\" data-id=\"d3bc45b\" data-element_type=\"widget\" data-e-type=\"widget\" data-widget_type=\"eael-image-accordion.default\">\n\t\t\t\t<div class=\"elementor-widget-container\">\n\t\t\t\t\t    <div class=\"eael-img-accordion accordion-direction-horizontal eael-img-accordion-horizontal-align-center eael-img-accordion-vertical-align-center\" id=\"eael-img-accordion-d3bc45b\" data-img-accordion-id=\"d3bc45b\" data-img-accordion-type=\"on-hover\">\n                    \n            <div class=\"eael-image-accordion-hover eael-image-accordion-item\" style=\"background-image: url(https:\/\/espace14-dental.com\/wp-content\/uploads\/2023\/11\/BOSS_2023_image-sup.jpg);\"  tabindex=\"0\">\n                <div class=\"overlay\">\n                                        <div class=\"overlay-inner\">\n                                                    <p><p><img decoding=\"async\" class=\"aligncenter wp-image-2066\" src=\"https:\/\/www.espace14-dental.com\/wp-content\/uploads\/2024\/02\/BOSS_Compact_FR.jpg\" alt=\"Espace 14 Biomaterial Boss\" width=\"400\" height=\"701\" srcset=\"https:\/\/www.espace14-dental.com\/wp-content\/uploads\/2024\/02\/BOSS_Compact_FR.jpg 600w, https:\/\/www.espace14-dental.com\/wp-content\/uploads\/2024\/02\/BOSS_Compact_FR-171x300.jpg 171w, https:\/\/www.espace14-dental.com\/wp-content\/uploads\/2024\/02\/BOSS_Compact_FR-585x1024.jpg 585w, https:\/\/www.espace14-dental.com\/wp-content\/uploads\/2024\/02\/BOSS_Compact_FR-7x12.jpg 7w\" sizes=\"(max-width: 400px) 100vw, 400px\" \/><\/p><\/p>\n                                            <\/div>\n                <\/div>\n            <\/div>\n                    \n            <div class=\"eael-image-accordion-hover eael-image-accordion-item\" style=\"background-image: url(https:\/\/espace14-dental.com\/wp-content\/uploads\/2023\/11\/BONE-S1_2023_image-sup.jpg);\"  tabindex=\"0\">\n                <div class=\"overlay\">\n                                        <div class=\"overlay-inner\">\n                                                    <p><p><img loading=\"lazy\" decoding=\"async\" class=\"aligncenter wp-image-2076\" src=\"https:\/\/www.espace14-dental.com\/wp-content\/uploads\/2024\/02\/BONE_S1_Compact_FR.jpg\" alt=\"Espace 14 Biomaterial Bone S1\" width=\"400\" height=\"701\" srcset=\"https:\/\/www.espace14-dental.com\/wp-content\/uploads\/2024\/02\/BONE_S1_Compact_FR.jpg 1348w, https:\/\/www.espace14-dental.com\/wp-content\/uploads\/2024\/02\/BONE_S1_Compact_FR-171x300.jpg 171w, https:\/\/www.espace14-dental.com\/wp-content\/uploads\/2024\/02\/BONE_S1_Compact_FR-585x1024.jpg 585w, https:\/\/www.espace14-dental.com\/wp-content\/uploads\/2024\/02\/BONE_S1_Compact_FR-768x1345.jpg 768w, https:\/\/www.espace14-dental.com\/wp-content\/uploads\/2024\/02\/BONE_S1_Compact_FR-877x1536.jpg 877w, https:\/\/www.espace14-dental.com\/wp-content\/uploads\/2024\/02\/BONE_S1_Compact_FR-1169x2048.jpg 1169w, https:\/\/www.espace14-dental.com\/wp-content\/uploads\/2024\/02\/BONE_S1_Compact_FR-7x12.jpg 7w\" sizes=\"(max-width: 400px) 100vw, 400px\" \/><\/p><\/p>\n                                            <\/div>\n                <\/div>\n            <\/div>\n                <\/div>\n        <style typr=\"text\/css\">\n                    #eael-img-accordion-d3bc45b .eael-image-accordion-hover:hover {\n                        flex: 3 1 0% !important;\n                    }\n                    #eael-img-accordion-d3bc45b .eael-image-accordion-hover:hover:hover .overlay-inner * {\n                        opacity: 1;\n                        visibility: visible;\n                        transform: none;\n                        transition: all .3s .3s;\n                    }\n                <\/style>\t\t\t\t<\/div>\n\t\t\t\t<\/div>\n\t\t\t\t<\/div>\n\t\t<div id=\"e-n-tab-content-2315258053\" role=\"tabpanel\" aria-labelledby=\"e-n-tab-title-2315258053\" data-tab-index=\"3\" style=\"--n-tabs-title-order: 3;\" class=\"elementor-element elementor-element-bc7b991 e-con-full e-flex e-con e-child\" data-id=\"bc7b991\" data-element_type=\"container\" data-e-type=\"container\">\n\t\t\t\t<div class=\"elementor-element elementor-element-18ab080 exad-sticky-section-no exad-glass-effect-no elementor-widget elementor-widget-eael-image-accordion\" data-id=\"18ab080\" data-element_type=\"widget\" data-e-type=\"widget\" data-widget_type=\"eael-image-accordion.default\">\n\t\t\t\t<div class=\"elementor-widget-container\">\n\t\t\t\t\t    <div class=\"eael-img-accordion accordion-direction-horizontal eael-img-accordion-horizontal-align-center eael-img-accordion-vertical-align-center\" id=\"eael-img-accordion-18ab080\" data-img-accordion-id=\"18ab080\" data-img-accordion-type=\"on-hover\">\n                    \n            <div class=\"eael-image-accordion-hover eael-image-accordion-item\" style=\"background-image: url(https:\/\/espace14-dental.com\/wp-content\/uploads\/2023\/11\/COLLA_2023_image-sup.jpg);\"  tabindex=\"0\">\n                <div class=\"overlay\">\n                                        <div class=\"overlay-inner\">\n                                                    <p><p><img loading=\"lazy\" decoding=\"async\" class=\"aligncenter wp-image-2096\" src=\"https:\/\/www.espace14-dental.com\/wp-content\/uploads\/2024\/02\/Membrane_Colla_Compact_FR.jpg\" alt=\"Espace 14 Biomaterial Colla\" width=\"400\" height=\"701\" srcset=\"https:\/\/www.espace14-dental.com\/wp-content\/uploads\/2024\/02\/Membrane_Colla_Compact_FR.jpg 1348w, https:\/\/www.espace14-dental.com\/wp-content\/uploads\/2024\/02\/Membrane_Colla_Compact_FR-171x300.jpg 171w, https:\/\/www.espace14-dental.com\/wp-content\/uploads\/2024\/02\/Membrane_Colla_Compact_FR-585x1024.jpg 585w, https:\/\/www.espace14-dental.com\/wp-content\/uploads\/2024\/02\/Membrane_Colla_Compact_FR-768x1345.jpg 768w, https:\/\/www.espace14-dental.com\/wp-content\/uploads\/2024\/02\/Membrane_Colla_Compact_FR-877x1536.jpg 877w, https:\/\/www.espace14-dental.com\/wp-content\/uploads\/2024\/02\/Membrane_Colla_Compact_FR-1169x2048.jpg 1169w, https:\/\/www.espace14-dental.com\/wp-content\/uploads\/2024\/02\/Membrane_Colla_Compact_FR-7x12.jpg 7w\" sizes=\"(max-width: 400px) 100vw, 400px\" \/><\/p><\/p>\n                                            <\/div>\n                <\/div>\n            <\/div>\n                <\/div>\n        <style typr=\"text\/css\">\n                    #eael-img-accordion-18ab080 .eael-image-accordion-hover:hover {\n                        flex: 3 1 0% !important;\n                    }\n                    #eael-img-accordion-18ab080 .eael-image-accordion-hover:hover:hover .overlay-inner * {\n                        opacity: 1;\n                        visibility: visible;\n                        transform: none;\n                        transition: all .3s .3s;\n                    }\n                <\/style>\t\t\t\t<\/div>\n\t\t\t\t<\/div>\n\t\t\t\t<\/div>\n\t\t\t\t\t<\/div>\n\t\t<\/div>\n\t\t\t\t\t\t<\/div>\n\t\t\t\t<\/div>\n\t\t\t\t\t<\/div>\n\t\t<\/div>\n\t\t\t\t\t<\/div>\n\t\t<\/section>\n\t\t\t\t<\/div>","protected":false},"excerpt":{"rendered":"<p>BIOMATERIALS LINE Guided Bone Regeneration Knowing how to manage bone deficiencies in implantology part of the practitioner&#8217;s daily practice; Whether of small extent (crestal bone loss) or large extended (vertical, horizontal bone reconstruction or combined) To do this, the practitioner will have to use biomaterials whose bio-compatibility and effectiveness have been widely demonstrated by the [&hellip;]<\/p>\n","protected":false},"author":1,"featured_media":0,"parent":0,"menu_order":0,"comment_status":"closed","ping_status":"closed","template":"","meta":{"om_disable_all_campaigns":false,"_monsterinsights_skip_tracking":false,"_monsterinsights_sitenote_active":false,"_monsterinsights_sitenote_note":"","_monsterinsights_sitenote_category":0,"site-sidebar-layout":"no-sidebar","site-content-layout":"page-builder","ast-site-content-layout":"full-width-container","site-content-style":"default","site-sidebar-style":"default","ast-global-header-display":"","ast-banner-title-visibility":"","ast-main-header-display":"","ast-hfb-above-header-display":"","ast-hfb-below-header-display":"","ast-hfb-mobile-header-display":"","site-post-title":"disabled","ast-breadcrumbs-content":"","ast-featured-img":"disabled","footer-sml-layout":"","ast-disable-related-posts":"","theme-transparent-header-meta":"","adv-header-id-meta":"","stick-header-meta":"","header-above-stick-meta":"","header-main-stick-meta":"","header-below-stick-meta":"","astra-migrate-meta-layouts":"set","ast-page-background-enabled":"default","ast-page-background-meta":{"desktop":{"background-color":"var(--ast-global-color-4)","background-image":"","background-repeat":"repeat","background-position":"center center","background-size":"auto","background-attachment":"scroll","background-type":"","background-media":"","overlay-type":"","overlay-color":"","overlay-opacity":"","overlay-gradient":""},"tablet":{"background-color":"","background-image":"","background-repeat":"repeat","background-position":"center center","background-size":"auto","background-attachment":"scroll","background-type":"","background-media":"","overlay-type":"","overlay-color":"","overlay-opacity":"","overlay-gradient":""},"mobile":{"background-color":"","background-image":"","background-repeat":"repeat","background-position":"center center","background-size":"auto","background-attachment":"scroll","background-type":"","background-media":"","overlay-type":"","overlay-color":"","overlay-opacity":"","overlay-gradient":""}},"ast-content-background-meta":{"desktop":{"background-color":"var(--ast-global-color-5)","background-image":"","background-repeat":"repeat","background-position":"center center","background-size":"auto","background-attachment":"scroll","background-type":"","background-media":"","overlay-type":"","overlay-color":"","overlay-opacity":"","overlay-gradient":""},"tablet":{"background-color":"var(--ast-global-color-5)","background-image":"","background-repeat":"repeat","background-position":"center center","background-size":"auto","background-attachment":"scroll","background-type":"","background-media":"","overlay-type":"","overlay-color":"","overlay-opacity":"","overlay-gradient":""},"mobile":{"background-color":"var(--ast-global-color-5)","background-image":"","background-repeat":"repeat","background-position":"center center","background-size":"auto","background-attachment":"scroll","background-type":"","background-media":"","overlay-type":"","overlay-color":"","overlay-opacity":"","overlay-gradient":""}},"footnotes":""},"class_list":["post-1919","page","type-page","status-publish","hentry"],"aioseo_notices":[],"_links":{"self":[{"href":"https:\/\/www.espace14-dental.com\/fr\/wp-json\/wp\/v2\/pages\/1919","targetHints":{"allow":["GET"]}}],"collection":[{"href":"https:\/\/www.espace14-dental.com\/fr\/wp-json\/wp\/v2\/pages"}],"about":[{"href":"https:\/\/www.espace14-dental.com\/fr\/wp-json\/wp\/v2\/types\/page"}],"author":[{"embeddable":true,"href":"https:\/\/www.espace14-dental.com\/fr\/wp-json\/wp\/v2\/users\/1"}],"replies":[{"embeddable":true,"href":"https:\/\/www.espace14-dental.com\/fr\/wp-json\/wp\/v2\/comments?post=1919"}],"version-history":[{"count":181,"href":"https:\/\/www.espace14-dental.com\/fr\/wp-json\/wp\/v2\/pages\/1919\/revisions"}],"predecessor-version":[{"id":3612,"href":"https:\/\/www.espace14-dental.com\/fr\/wp-json\/wp\/v2\/pages\/1919\/revisions\/3612"}],"wp:attachment":[{"href":"https:\/\/www.espace14-dental.com\/fr\/wp-json\/wp\/v2\/media?parent=1919"}],"curies":[{"name":"wp","href":"https:\/\/api.w.org\/{rel}","templated":true}]}}