{"id":2124,"date":"2023-11-08T17:16:17","date_gmt":"2023-11-08T17:16:17","guid":{"rendered":"https:\/\/espace14-dental.com\/?page_id=2124"},"modified":"2026-03-17T15:32:46","modified_gmt":"2026-03-17T15:32:46","slug":"training","status":"publish","type":"page","link":"https:\/\/www.espace14-dental.com\/fr\/training\/","title":{"rendered":"Formation"},"content":{"rendered":"<div data-elementor-type=\"wp-page\" data-elementor-id=\"2124\" class=\"elementor elementor-2124\">\n\t\t\t\t<div class=\"elementor-element elementor-element-d812b9f e-con-full e-flex e-con e-parent\" data-id=\"d812b9f\" data-element_type=\"container\" data-e-type=\"container\" data-settings=\"{&quot;background_background&quot;:&quot;classic&quot;}\">\n\t\t<div class=\"elementor-element elementor-element-a003715 e-con-full e-flex e-con e-child\" data-id=\"a003715\" data-element_type=\"container\" data-e-type=\"container\" data-settings=\"{&quot;background_background&quot;:&quot;classic&quot;}\">\n\t\t\t\t<div class=\"elementor-element elementor-element-4ddc670 elementor-widget__width-inherit exad-sticky-section-no exad-glass-effect-no elementor-widget elementor-widget-heading\" data-id=\"4ddc670\" data-element_type=\"widget\" data-e-type=\"widget\" data-widget_type=\"heading.default\">\n\t\t\t\t<div class=\"elementor-widget-container\">\n\t\t\t\t\t<h3 class=\"elementor-heading-title elementor-size-xl\">FORMATION<\/h3>\t\t\t\t<\/div>\n\t\t\t\t<\/div>\n\t\t\t\t<\/div>\n\t\t\t\t<\/div>\n\t\t\t\t<section class=\"elementor-section elementor-top-section elementor-element elementor-element-18ae36a6 elementor-section-boxed elementor-section-height-default elementor-section-height-default exad-glass-effect-no exad-sticky-section-no\" data-id=\"18ae36a6\" data-element_type=\"section\" data-e-type=\"section\" id=\"xs_tab_10\" data-settings=\"{&quot;background_background&quot;:&quot;classic&quot;}\">\n\t\t\t\t\t\t<div class=\"elementor-container elementor-column-gap-default\">\n\t\t\t\t\t<div class=\"elementor-column elementor-col-100 elementor-top-column elementor-element elementor-element-c7871ce exad-glass-effect-no exad-sticky-section-no\" data-id=\"c7871ce\" data-element_type=\"column\" data-e-type=\"column\">\n\t\t\t<div class=\"elementor-widget-wrap elementor-element-populated\">\n\t\t\t\t\t\t<div class=\"elementor-element elementor-element-436c4da exad-sticky-section-no exad-glass-effect-no elementor-widget elementor-widget-text-editor\" data-id=\"436c4da\" data-element_type=\"widget\" data-e-type=\"widget\" data-widget_type=\"text-editor.default\">\n\t\t\t\t<div class=\"elementor-widget-container\">\n\t\t\t\t\t\t\t\t\t<p><strong>Comprendre l'implantologie moderne<\/strong> implique de participer \u00e0 un programme p\u00e9dagogique visant \u00e0 pr\u00e9senter une vision globale de cette sp\u00e9cialit\u00e9 :<\/p><p style=\"padding-left: 40px;\">\u2013 D\u00e9finir les bases fondamentales<br \/>\u2013 Les grands principes biologiques associ\u00e9s, autour de la dynamique osseuse, de la muqueuse p\u00e9ri-implantaire et de la proth\u00e8se<br \/>\u2013 L\u2019int\u00e9gration d\u2019un dispositif m\u00e9dical avec toutes ses fonctionnalit\u00e9s physico-chimiques et m\u00e9caniques<br \/>\u2013 Cr\u00e9er des superstructures proth\u00e9tiques sur implants unitaire ou plural, dans le respect des r\u00e8gles esth\u00e9tiques et fonctionnelles, gr\u00e2ce \u00e0 l\u2019utilisation de mat\u00e9riaux \u00e9prouv\u00e9s<br \/>\u2013 Int\u00e9gration du num\u00e9rique tant au niveau clinique que proth\u00e9tique<br \/>\u2013 Obtenir des r\u00e9sultats efficaces \u00e0 long terme<br \/><br \/><\/p><p>Pour ce faire, nous avons d\u00e9fini l\u2019application de la <strong>\"Vision Bioneck\"<\/strong> qui int\u00e8gre toutes les donn\u00e9es mentionn\u00e9es ci-dessus.<\/p>\t\t\t\t\t\t\t\t<\/div>\n\t\t\t\t<\/div>\n\t\t\t\t<div class=\"elementor-element elementor-element-0f42b61 exad-sticky-section-no exad-glass-effect-no elementor-widget elementor-widget-image\" data-id=\"0f42b61\" data-element_type=\"widget\" data-e-type=\"widget\" data-widget_type=\"image.default\">\n\t\t\t\t<div class=\"elementor-widget-container\">\n\t\t\t\t\t\t\t\t\t\t\t\t\t\t\t<img decoding=\"async\" width=\"1024\" height=\"5\" src=\"https:\/\/www.espace14-dental.com\/wp-content\/uploads\/2025\/09\/KCF_bandeau_sep-1024x5.jpg\" class=\"attachment-large size-large wp-image-4158\" alt=\"KCF Formation\" srcset=\"https:\/\/www.espace14-dental.com\/wp-content\/uploads\/2025\/09\/KCF_bandeau_sep-1024x5.jpg 1024w, https:\/\/www.espace14-dental.com\/wp-content\/uploads\/2025\/09\/KCF_bandeau_sep-300x1.jpg 300w, https:\/\/www.espace14-dental.com\/wp-content\/uploads\/2025\/09\/KCF_bandeau_sep-768x3.jpg 768w, https:\/\/www.espace14-dental.com\/wp-content\/uploads\/2025\/09\/KCF_bandeau_sep-1536x7.jpg 1536w, https:\/\/www.espace14-dental.com\/wp-content\/uploads\/2025\/09\/KCF_bandeau_sep-18x1.jpg 18w, https:\/\/www.espace14-dental.com\/wp-content\/uploads\/2025\/09\/KCF_bandeau_sep.jpg 1976w\" sizes=\"(max-width: 1024px) 100vw, 1024px\" \/>\t\t\t\t\t\t\t\t\t\t\t\t\t\t\t<\/div>\n\t\t\t\t<\/div>\n\t\t\t\t<div class=\"elementor-element elementor-element-8cb955b elementor-arrows-position-outside elementor-pagination-position-outside exad-sticky-section-no exad-glass-effect-no elementor-widget elementor-widget-image-carousel\" data-id=\"8cb955b\" data-element_type=\"widget\" data-e-type=\"widget\" data-settings=\"{&quot;image_spacing_custom&quot;:{&quot;unit&quot;:&quot;px&quot;,&quot;size&quot;:3,&quot;sizes&quot;:[]},&quot;slides_to_show&quot;:&quot;3&quot;,&quot;slides_to_scroll&quot;:&quot;1&quot;,&quot;navigation&quot;:&quot;both&quot;,&quot;autoplay&quot;:&quot;yes&quot;,&quot;pause_on_hover&quot;:&quot;yes&quot;,&quot;pause_on_interaction&quot;:&quot;yes&quot;,&quot;autoplay_speed&quot;:5000,&quot;infinite&quot;:&quot;yes&quot;,&quot;speed&quot;:500,&quot;image_spacing_custom_tablet&quot;:{&quot;unit&quot;:&quot;px&quot;,&quot;size&quot;:&quot;&quot;,&quot;sizes&quot;:[]},&quot;image_spacing_custom_mobile&quot;:{&quot;unit&quot;:&quot;px&quot;,&quot;size&quot;:&quot;&quot;,&quot;sizes&quot;:[]}}\" data-widget_type=\"image-carousel.default\">\n\t\t\t\t<div class=\"elementor-widget-container\">\n\t\t\t\t\t\t\t<div class=\"elementor-image-carousel-wrapper swiper\" role=\"region\" aria-roledescription=\"carousel\" aria-label=\"Carrousel d\u2019images\" dir=\"ltr\">\n\t\t\t<div class=\"elementor-image-carousel swiper-wrapper\" aria-live=\"off\">\n\t\t\t\t\t\t\t\t<div class=\"swiper-slide\" role=\"group\" aria-roledescription=\"slide\" aria-label=\"1 of 10\"><figure class=\"swiper-slide-inner\"><img decoding=\"async\" class=\"swiper-slide-image\" src=\"https:\/\/www.espace14-dental.com\/wp-content\/uploads\/2023\/11\/ACCA_LEARNING_5_320.jpg\" alt=\"Acca Learning France - Training\" \/><\/figure><\/div><div class=\"swiper-slide\" role=\"group\" aria-roledescription=\"slide\" aria-label=\"2 of 10\"><figure class=\"swiper-slide-inner\"><img decoding=\"async\" class=\"swiper-slide-image\" src=\"https:\/\/www.espace14-dental.com\/wp-content\/uploads\/2023\/11\/ACCA_LEARNING_7_320.jpg\" alt=\"Acca Learning France - Training\" \/><\/figure><\/div><div class=\"swiper-slide\" role=\"group\" aria-roledescription=\"slide\" aria-label=\"3 of 10\"><figure class=\"swiper-slide-inner\"><img decoding=\"async\" class=\"swiper-slide-image\" src=\"https:\/\/www.espace14-dental.com\/wp-content\/uploads\/2023\/11\/ACCA_LEARNING_6_320.jpg\" alt=\"Acca Learning France - Training\" \/><\/figure><\/div><div class=\"swiper-slide\" role=\"group\" aria-roledescription=\"slide\" aria-label=\"4 of 10\"><figure class=\"swiper-slide-inner\"><img decoding=\"async\" class=\"swiper-slide-image\" src=\"https:\/\/www.espace14-dental.com\/wp-content\/uploads\/2023\/11\/ACCA_LEARNING_8_320.jpg\" alt=\"Acca Learning France - Training\" \/><\/figure><\/div><div class=\"swiper-slide\" role=\"group\" aria-roledescription=\"slide\" aria-label=\"5 of 10\"><figure class=\"swiper-slide-inner\"><img decoding=\"async\" class=\"swiper-slide-image\" src=\"https:\/\/www.espace14-dental.com\/wp-content\/uploads\/2023\/11\/ACCA_LEARNING_9_320.jpg\" alt=\"Acca Learning France - Training\" \/><\/figure><\/div><div class=\"swiper-slide\" role=\"group\" aria-roledescription=\"slide\" aria-label=\"6 of 10\"><figure class=\"swiper-slide-inner\"><img decoding=\"async\" class=\"swiper-slide-image\" src=\"https:\/\/www.espace14-dental.com\/wp-content\/uploads\/2023\/11\/ACCA_LEARNING_10_320-1.jpg\" alt=\"Acca Learning France - Training\" \/><\/figure><\/div><div class=\"swiper-slide\" role=\"group\" aria-roledescription=\"slide\" aria-label=\"7 of 10\"><figure class=\"swiper-slide-inner\"><img decoding=\"async\" class=\"swiper-slide-image\" src=\"https:\/\/www.espace14-dental.com\/wp-content\/uploads\/2023\/11\/ACCA_LEARNING_11_320a.jpg\" alt=\"Acca Learning France - Training\" \/><\/figure><\/div><div class=\"swiper-slide\" role=\"group\" aria-roledescription=\"slide\" aria-label=\"8 of 10\"><figure class=\"swiper-slide-inner\"><img decoding=\"async\" class=\"swiper-slide-image\" src=\"https:\/\/www.espace14-dental.com\/wp-content\/uploads\/2025\/10\/ACCA_LEARNING_12_320a.jpg\" alt=\"Formation Dentaire KCF Learning - Espace 14\" \/><\/figure><\/div><div class=\"swiper-slide\" role=\"group\" aria-roledescription=\"slide\" aria-label=\"9 of 10\"><figure class=\"swiper-slide-inner\"><img decoding=\"async\" class=\"swiper-slide-image\" src=\"https:\/\/www.espace14-dental.com\/wp-content\/uploads\/2025\/10\/ACCA_LEARNING_13_320a.jpg\" alt=\"Formation Dentaire  KCF Learning - Espace 14\" \/><\/figure><\/div><div class=\"swiper-slide\" role=\"group\" aria-roledescription=\"slide\" aria-label=\"10 of 10\"><figure class=\"swiper-slide-inner\"><img decoding=\"async\" class=\"swiper-slide-image\" src=\"https:\/\/www.espace14-dental.com\/wp-content\/uploads\/2025\/10\/ACCA_LEARNING_14_320a.jpg\" alt=\"Formation dentaire - KCF Learning - Espace 14\" \/><\/figure><\/div>\t\t\t<\/div>\n\t\t\t\t\t\t\t\t\t\t\t\t<div class=\"elementor-swiper-button elementor-swiper-button-prev\" role=\"button\" tabindex=\"0\">\n\t\t\t\t\t\t<svg aria-hidden=\"true\" class=\"e-font-icon-svg e-eicon-chevron-left\" viewbox=\"0 0 1000 1000\" xmlns=\"http:\/\/www.w3.org\/2000\/svg\"><path d=\"M646 125C629 125 613 133 604 142L308 442C296 454 292 471 292 487 292 504 296 521 308 533L604 854C617 867 629 875 646 875 663 875 679 871 692 858 704 846 713 829 713 812 713 796 708 779 692 767L438 487 692 225C700 217 708 204 708 187 708 171 704 154 692 142 675 129 663 125 646 125Z\"><\/path><\/svg>\t\t\t\t\t<\/div>\n\t\t\t\t\t<div class=\"elementor-swiper-button elementor-swiper-button-next\" role=\"button\" tabindex=\"0\">\n\t\t\t\t\t\t<svg aria-hidden=\"true\" class=\"e-font-icon-svg e-eicon-chevron-right\" viewbox=\"0 0 1000 1000\" xmlns=\"http:\/\/www.w3.org\/2000\/svg\"><path d=\"M696 533C708 521 713 504 713 487 713 471 708 454 696 446L400 146C388 133 375 125 354 125 338 125 325 129 313 142 300 154 292 171 292 187 292 204 296 221 308 233L563 492 304 771C292 783 288 800 288 817 288 833 296 850 308 863 321 871 338 875 354 875 371 875 388 867 400 854L696 533Z\"><\/path><\/svg>\t\t\t\t\t<\/div>\n\t\t\t\t\n\t\t\t\t\t\t\t\t\t<div class=\"swiper-pagination\"><\/div>\n\t\t\t\t\t\t\t\t\t<\/div>\n\t\t\t\t\t\t<\/div>\n\t\t\t\t<\/div>\n\t\t\t\t<div class=\"elementor-element elementor-element-c0af6b2 exad-sticky-section-no exad-glass-effect-no elementor-widget elementor-widget-text-editor\" data-id=\"c0af6b2\" data-element_type=\"widget\" data-e-type=\"widget\" data-widget_type=\"text-editor.default\">\n\t\t\t\t<div class=\"elementor-widget-container\">\n\t\t\t\t\t\t\t\t\t<p>Espace 14 a \u00e9tabli un partenariat avec <strong>DENTAL SYNTHESIS<\/strong> qui propose des cours et des programmes de formation pour les dentistes, orthodontistes, hygi\u00e9nistes dentaires et autres professionnels dentaires.<br \/><br \/>Dental Synthesis it\u2019s:<\/p><p style=\"padding-left: 40px;\">&#8211; <strong>Des Formations th\u00e9oriques et pratiques<\/strong> pour praticiens d\u00e9butants<\/p><p style=\"padding-left: 40px;\">&#8211; <strong>Un coaching clinique adapt\u00e9<\/strong> (de d\u00e9butant \u00e0 sp\u00e9cialiste)<br \/>&#8211; <strong>Des cours ponctuels,1 \u00e0 3 jours,<\/strong> sur des th\u00e8mes divers validant ou non validant : Sinus Lift \/ Reconstruction Osseuse Guid\u00e9e \/ Laser \/ Implantologie zircone...<br \/>&#8211; <strong>Des formations coaching clinique d'une semaine<\/strong> au sein d'une universit\u00e9 internationale (Istanbul \/ Turquie)<\/p><p style=\"padding-left: 40px;\">&#8211; <strong>Des formations int\u00e9ractives IA<\/strong> (France)<\/p><p style=\"text-align: left;\"><br \/>Our team of high-level teachers is at your disposal to perfect your development:<\/p><p style=\"text-align: center;\"><strong>\"Faire de votre formation... une transformation\"<\/strong><\/p><p><br \/>Docteur R. Fromental<br \/>Responsable de la formation\u00a0<\/p>\t\t\t\t\t\t\t\t<\/div>\n\t\t\t\t<\/div>\n\t\t\t\t<div class=\"elementor-element elementor-element-b699e2f exad-sticky-section-no exad-glass-effect-no elementor-widget elementor-widget-image\" data-id=\"b699e2f\" data-element_type=\"widget\" data-e-type=\"widget\" data-widget_type=\"image.default\">\n\t\t\t\t<div class=\"elementor-widget-container\">\n\t\t\t\t\t\t\t\t\t\t\t\t\t\t\t<img fetchpriority=\"high\" decoding=\"async\" width=\"1024\" height=\"178\" src=\"https:\/\/www.espace14-dental.com\/wp-content\/uploads\/2026\/03\/Dental-Synthesis_Fondateur_FR.jpg\" class=\"attachment-large size-large wp-image-5125\" alt=\"\" srcset=\"https:\/\/www.espace14-dental.com\/wp-content\/uploads\/2026\/03\/Dental-Synthesis_Fondateur_FR.jpg 1976w, https:\/\/www.espace14-dental.com\/wp-content\/uploads\/2026\/03\/Dental-Synthesis_Fondateur_FR-300x52.jpg 300w, https:\/\/www.espace14-dental.com\/wp-content\/uploads\/2026\/03\/Dental-Synthesis_Fondateur_FR-1024x178.jpg 1024w, https:\/\/www.espace14-dental.com\/wp-content\/uploads\/2026\/03\/Dental-Synthesis_Fondateur_FR-768x133.jpg 768w, https:\/\/www.espace14-dental.com\/wp-content\/uploads\/2026\/03\/Dental-Synthesis_Fondateur_FR-1536x267.jpg 1536w, https:\/\/www.espace14-dental.com\/wp-content\/uploads\/2026\/03\/Dental-Synthesis_Fondateur_FR-18x3.jpg 18w\" sizes=\"(max-width: 1024px) 100vw, 1024px\" \/>\t\t\t\t\t\t\t\t\t\t\t\t\t\t\t<\/div>\n\t\t\t\t<\/div>\n\t\t\t\t\t<\/div>\n\t\t<\/div>\n\t\t\t\t\t<\/div>\n\t\t<\/section>\n\t\t\t\t<\/div>","protected":false},"excerpt":{"rendered":"<p>TRAINING Understanding modern implantology involves participating in an educational program aimed at presenting a global vision of this specialty: &#8211; Define the fundamental bases&#8211; The main related biological principles, around bone dynamics, the peri-implant mucosa and the prosthesis&#8211; The integration of a medical device with all its physico-chemical and mechanical functionalities&#8211; Create prosthetic superstructures from [&hellip;]<\/p>\n","protected":false},"author":1,"featured_media":0,"parent":0,"menu_order":0,"comment_status":"closed","ping_status":"closed","template":"","meta":{"om_disable_all_campaigns":false,"_monsterinsights_skip_tracking":false,"_monsterinsights_sitenote_active":false,"_monsterinsights_sitenote_note":"","_monsterinsights_sitenote_category":0,"site-sidebar-layout":"no-sidebar","site-content-layout":"page-builder","ast-site-content-layout":"full-width-container","site-content-style":"default","site-sidebar-style":"default","ast-global-header-display":"","ast-banner-title-visibility":"","ast-main-header-display":"","ast-hfb-above-header-display":"","ast-hfb-below-header-display":"","ast-hfb-mobile-header-display":"","site-post-title":"disabled","ast-breadcrumbs-content":"","ast-featured-img":"disabled","footer-sml-layout":"","ast-disable-related-posts":"","theme-transparent-header-meta":"","adv-header-id-meta":"","stick-header-meta":"","header-above-stick-meta":"","header-main-stick-meta":"","header-below-stick-meta":"","astra-migrate-meta-layouts":"set","ast-page-background-enabled":"default","ast-page-background-meta":{"desktop":{"background-color":"var(--ast-global-color-4)","background-image":"","background-repeat":"repeat","background-position":"center center","background-size":"auto","background-attachment":"scroll","background-type":"","background-media":"","overlay-type":"","overlay-color":"","overlay-opacity":"","overlay-gradient":""},"tablet":{"background-color":"","background-image":"","background-repeat":"repeat","background-position":"center center","background-size":"auto","background-attachment":"scroll","background-type":"","background-media":"","overlay-type":"","overlay-color":"","overlay-opacity":"","overlay-gradient":""},"mobile":{"background-color":"","background-image":"","background-repeat":"repeat","background-position":"center center","background-size":"auto","background-attachment":"scroll","background-type":"","background-media":"","overlay-type":"","overlay-color":"","overlay-opacity":"","overlay-gradient":""}},"ast-content-background-meta":{"desktop":{"background-color":"var(--ast-global-color-5)","background-image":"","background-repeat":"repeat","background-position":"center center","background-size":"auto","background-attachment":"scroll","background-type":"","background-media":"","overlay-type":"","overlay-color":"","overlay-opacity":"","overlay-gradient":""},"tablet":{"background-color":"var(--ast-global-color-5)","background-image":"","background-repeat":"repeat","background-position":"center center","background-size":"auto","background-attachment":"scroll","background-type":"","background-media":"","overlay-type":"","overlay-color":"","overlay-opacity":"","overlay-gradient":""},"mobile":{"background-color":"var(--ast-global-color-5)","background-image":"","background-repeat":"repeat","background-position":"center center","background-size":"auto","background-attachment":"scroll","background-type":"","background-media":"","overlay-type":"","overlay-color":"","overlay-opacity":"","overlay-gradient":""}},"footnotes":""},"class_list":["post-2124","page","type-page","status-publish","hentry"],"aioseo_notices":[],"_links":{"self":[{"href":"https:\/\/www.espace14-dental.com\/fr\/wp-json\/wp\/v2\/pages\/2124","targetHints":{"allow":["GET"]}}],"collection":[{"href":"https:\/\/www.espace14-dental.com\/fr\/wp-json\/wp\/v2\/pages"}],"about":[{"href":"https:\/\/www.espace14-dental.com\/fr\/wp-json\/wp\/v2\/types\/page"}],"author":[{"embeddable":true,"href":"https:\/\/www.espace14-dental.com\/fr\/wp-json\/wp\/v2\/users\/1"}],"replies":[{"embeddable":true,"href":"https:\/\/www.espace14-dental.com\/fr\/wp-json\/wp\/v2\/comments?post=2124"}],"version-history":[{"count":193,"href":"https:\/\/www.espace14-dental.com\/fr\/wp-json\/wp\/v2\/pages\/2124\/revisions"}],"predecessor-version":[{"id":5148,"href":"https:\/\/www.espace14-dental.com\/fr\/wp-json\/wp\/v2\/pages\/2124\/revisions\/5148"}],"wp:attachment":[{"href":"https:\/\/www.espace14-dental.com\/fr\/wp-json\/wp\/v2\/media?parent=2124"}],"curies":[{"name":"wp","href":"https:\/\/api.w.org\/{rel}","templated":true}]}}