{"id":3449,"date":"2024-10-10T14:40:21","date_gmt":"2024-10-10T14:40:21","guid":{"rendered":"https:\/\/www.espace14-dental.com\/?page_id=3449"},"modified":"2025-07-22T09:48:13","modified_gmt":"2025-07-22T09:48:13","slug":"brushing-kit","status":"publish","type":"page","link":"https:\/\/www.espace14-dental.com\/fr\/brushing-kit\/","title":{"rendered":"Brushing kit"},"content":{"rendered":"<div data-elementor-type=\"wp-page\" data-elementor-id=\"3449\" class=\"elementor elementor-3449\">\n\t\t\t\t<div class=\"elementor-element elementor-element-219d7d7 e-con-full e-flex e-con e-parent\" data-id=\"219d7d7\" data-element_type=\"container\" data-e-type=\"container\" data-settings=\"{&quot;background_background&quot;:&quot;classic&quot;}\">\n\t\t<div class=\"elementor-element elementor-element-673d4933 e-con-full e-flex e-con e-child\" data-id=\"673d4933\" data-element_type=\"container\" data-e-type=\"container\" data-settings=\"{&quot;background_background&quot;:&quot;classic&quot;}\">\n\t\t\t\t<div class=\"elementor-element elementor-element-585f18aa elementor-widget__width-inherit exad-sticky-section-no exad-glass-effect-no elementor-widget elementor-widget-heading\" data-id=\"585f18aa\" data-element_type=\"widget\" data-e-type=\"widget\" data-widget_type=\"heading.default\">\n\t\t\t\t<div class=\"elementor-widget-container\">\n\t\t\t\t\t<h3 class=\"elementor-heading-title elementor-size-xl\">KIT BRUSHING<\/h3>\t\t\t\t<\/div>\n\t\t\t\t<\/div>\n\t\t\t\t<\/div>\n\t\t\t\t<\/div>\n\t\t\t\t<section class=\"elementor-section elementor-top-section elementor-element elementor-element-10c4ba6b elementor-section-height-min-height elementor-section-boxed elementor-section-height-default elementor-section-items-middle exad-glass-effect-no exad-sticky-section-no\" data-id=\"10c4ba6b\" data-element_type=\"section\" data-e-type=\"section\" id=\"xs_tab_10\" data-settings=\"{&quot;background_background&quot;:&quot;classic&quot;}\">\n\t\t\t\t\t\t<div class=\"elementor-container elementor-column-gap-default\">\n\t\t\t\t\t<div class=\"elementor-column elementor-col-100 elementor-top-column elementor-element elementor-element-3b7cb4e8 exad-glass-effect-no exad-sticky-section-no\" data-id=\"3b7cb4e8\" data-element_type=\"column\" data-e-type=\"column\">\n\t\t\t<div class=\"elementor-widget-wrap elementor-element-populated\">\n\t\t\t\t\t\t<div class=\"elementor-element elementor-element-13f12bd9 exad-sticky-section-no exad-glass-effect-no elementor-widget elementor-widget-text-editor\" data-id=\"13f12bd9\" data-element_type=\"widget\" data-e-type=\"widget\" data-widget_type=\"text-editor.default\">\n\t\t\t\t<div class=\"elementor-widget-container\">\n\t\t\t\t\t\t\t\t\t<p>Le kit Brushing permet d'\u00e9tendre le lambeau sans n\u00e9cessiter d'incision. Le principe est de d\u00e9sorganiser les fibres de collag\u00e8ne du p\u00e9rioste fibreux. Cela r\u00e9duit la rigidit\u00e9 du rabat, permettant a celui-ci de se lib\u00e9rer davantage.<\/p>\t\t\t\t\t\t\t\t<\/div>\n\t\t\t\t<\/div>\n\t\t\t\t\t<\/div>\n\t\t<\/div>\n\t\t\t\t\t<\/div>\n\t\t<\/section>\n\t\t<div class=\"elementor-element elementor-element-7c2a06a e-flex e-con-boxed e-con e-parent\" data-id=\"7c2a06a\" data-element_type=\"container\" data-e-type=\"container\">\n\t\t\t\t\t<div class=\"e-con-inner\">\n\t\t\t\t<div class=\"elementor-element elementor-element-960329a exad-sticky-section-no exad-glass-effect-no elementor-widget elementor-widget-image\" data-id=\"960329a\" data-element_type=\"widget\" data-e-type=\"widget\" data-widget_type=\"image.default\">\n\t\t\t\t<div class=\"elementor-widget-container\">\n\t\t\t\t\t\t\t\t\t\t\t\t\t\t\t<img fetchpriority=\"high\" decoding=\"async\" width=\"800\" height=\"407\" src=\"https:\/\/www.espace14-dental.com\/wp-content\/uploads\/2024\/10\/BRUSHING_VISUEL_site.jpg\" class=\"attachment-large size-large wp-image-3461\" alt=\"KIT BRUSHING SOFT - Espace 14\" srcset=\"https:\/\/www.espace14-dental.com\/wp-content\/uploads\/2024\/10\/BRUSHING_VISUEL_site.jpg 800w, https:\/\/www.espace14-dental.com\/wp-content\/uploads\/2024\/10\/BRUSHING_VISUEL_site-300x153.jpg 300w, https:\/\/www.espace14-dental.com\/wp-content\/uploads\/2024\/10\/BRUSHING_VISUEL_site-768x391.jpg 768w, https:\/\/www.espace14-dental.com\/wp-content\/uploads\/2024\/10\/BRUSHING_VISUEL_site-18x9.jpg 18w\" sizes=\"(max-width: 800px) 100vw, 800px\" \/>\t\t\t\t\t\t\t\t\t\t\t\t\t\t\t<\/div>\n\t\t\t\t<\/div>\n\t\t\t\t<div class=\"elementor-element elementor-element-aec6ecf exad-sticky-section-no exad-glass-effect-no elementor-widget elementor-widget-text-editor\" data-id=\"aec6ecf\" data-element_type=\"widget\" data-e-type=\"widget\" data-widget_type=\"text-editor.default\">\n\t\t\t\t<div class=\"elementor-widget-container\">\n\t\t\t\t\t\t\t\t\t<p>Les instruments ne coupent pas : Le lambeau est lib\u00e9r\u00e9 suite \u00e0 la s\u00e9paration des fibres du p\u00e9rioste.<br \/><br \/><\/p><p>Ils peuvent \u00eatre utilis\u00e9s aussi bien sur le p\u00e9rioste lingual que buccal.<\/p><p>\u00a0<\/p><p>Le kit comprend 5 instruments\u00a0:<\/p><p style=\"padding-left: 40px;\">\u2013 Pointe standard<br \/>\u2013 Pointe droite angul\u00e9e (post\u00e9rieure)<br \/>\u2013 Pointe gauche angul\u00e9e (post\u00e9rieure)<br \/>\u2013 Pointe moyenne<br \/>\u2013 Pointe grande<\/p>\t\t\t\t\t\t\t\t<\/div>\n\t\t\t\t<\/div>\n\t\t\t\t\t<\/div>\n\t\t\t\t<\/div>\n\t\t<div class=\"elementor-element elementor-element-7eedd15 e-flex e-con-boxed e-con e-parent\" data-id=\"7eedd15\" data-element_type=\"container\" data-e-type=\"container\">\n\t\t\t\t\t<div class=\"e-con-inner\">\n\t\t\t\t<div class=\"elementor-element elementor-element-fc2bf61 exad-sticky-section-no exad-glass-effect-no elementor-widget elementor-widget-spacer\" data-id=\"fc2bf61\" data-element_type=\"widget\" data-e-type=\"widget\" data-widget_type=\"spacer.default\">\n\t\t\t\t<div class=\"elementor-widget-container\">\n\t\t\t\t\t\t\t<div class=\"elementor-spacer\">\n\t\t\t<div class=\"elementor-spacer-inner\"><\/div>\n\t\t<\/div>\n\t\t\t\t\t\t<\/div>\n\t\t\t\t<\/div>\n\t\t\t\t<div class=\"elementor-element elementor-element-d221dca exad-sticky-section-no exad-glass-effect-no elementor-widget elementor-widget-image\" data-id=\"d221dca\" data-element_type=\"widget\" data-e-type=\"widget\" data-no-translation=\"\" data-widget_type=\"image.default\">\n\t\t\t\t<div class=\"elementor-widget-container\">\n\t\t\t\t\t\t\t\t\t\t\t\t\t\t\t<img decoding=\"async\" width=\"768\" height=\"39\" src=\"https:\/\/www.espace14-dental.com\/wp-content\/uploads\/2025\/07\/Offre_Commerciale_Titre-768x39.jpg\" class=\"attachment-medium_large size-medium_large wp-image-3787\" alt=\"\" srcset=\"https:\/\/www.espace14-dental.com\/wp-content\/uploads\/2025\/07\/Offre_Commerciale_Titre-768x39.jpg 768w, https:\/\/www.espace14-dental.com\/wp-content\/uploads\/2025\/07\/Offre_Commerciale_Titre-300x15.jpg 300w, https:\/\/www.espace14-dental.com\/wp-content\/uploads\/2025\/07\/Offre_Commerciale_Titre-1024x52.jpg 1024w, https:\/\/www.espace14-dental.com\/wp-content\/uploads\/2025\/07\/Offre_Commerciale_Titre-1536x79.jpg 1536w, https:\/\/www.espace14-dental.com\/wp-content\/uploads\/2025\/07\/Offre_Commerciale_Titre-18x1.jpg 18w, https:\/\/www.espace14-dental.com\/wp-content\/uploads\/2025\/07\/Offre_Commerciale_Titre.jpg 1718w\" sizes=\"(max-width: 768px) 100vw, 768px\" \/>\t\t\t\t\t\t\t\t\t\t\t\t\t\t\t<\/div>\n\t\t\t\t<\/div>\n\t\t\t\t<div class=\"elementor-element elementor-element-3eb2ff2 exad-sticky-section-no exad-glass-effect-no elementor-widget elementor-widget-image\" data-id=\"3eb2ff2\" data-element_type=\"widget\" data-e-type=\"widget\" data-no-translation=\"\" data-widget_type=\"image.default\">\n\t\t\t\t<div class=\"elementor-widget-container\">\n\t\t\t\t\t\t\t\t\t\t\t\t\t\t\t<img decoding=\"async\" width=\"768\" height=\"210\" src=\"https:\/\/www.espace14-dental.com\/wp-content\/uploads\/2025\/07\/PRIX-TARIFS-_-Cadre-pour-site-Espace-14-768x210.jpg\" class=\"attachment-medium_large size-medium_large wp-image-3786\" alt=\"Kit Brushing - Offre Espace 14\" srcset=\"https:\/\/www.espace14-dental.com\/wp-content\/uploads\/2025\/07\/PRIX-TARIFS-_-Cadre-pour-site-Espace-14-768x210.jpg 768w, https:\/\/www.espace14-dental.com\/wp-content\/uploads\/2025\/07\/PRIX-TARIFS-_-Cadre-pour-site-Espace-14-300x82.jpg 300w, https:\/\/www.espace14-dental.com\/wp-content\/uploads\/2025\/07\/PRIX-TARIFS-_-Cadre-pour-site-Espace-14-1024x280.jpg 1024w, https:\/\/www.espace14-dental.com\/wp-content\/uploads\/2025\/07\/PRIX-TARIFS-_-Cadre-pour-site-Espace-14-18x5.jpg 18w, https:\/\/www.espace14-dental.com\/wp-content\/uploads\/2025\/07\/PRIX-TARIFS-_-Cadre-pour-site-Espace-14.jpg 1372w\" sizes=\"(max-width: 768px) 100vw, 768px\" \/>\t\t\t\t\t\t\t\t\t\t\t\t\t\t\t<\/div>\n\t\t\t\t<\/div>\n\t\t\t\t<div class=\"elementor-element elementor-element-20ad2a0 exad-sticky-section-no exad-glass-effect-no elementor-widget elementor-widget-spacer\" data-id=\"20ad2a0\" data-element_type=\"widget\" data-e-type=\"widget\" data-widget_type=\"spacer.default\">\n\t\t\t\t<div class=\"elementor-widget-container\">\n\t\t\t\t\t\t\t<div class=\"elementor-spacer\">\n\t\t\t<div class=\"elementor-spacer-inner\"><\/div>\n\t\t<\/div>\n\t\t\t\t\t\t<\/div>\n\t\t\t\t<\/div>\n\t\t\t\t\t<\/div>\n\t\t\t\t<\/div>\n\t\t\t\t<\/div>","protected":false},"excerpt":{"rendered":"<p>BRUSHING KIT The Brushing kit allow to extend the flap without the need for incision. The concept is to disorganize the collagen fibers of the fibrous periosteum. This reduces the stiffness of the flap allowing the flap to release farther. These instruments does not cut anything at all. The flap is released as a result [&hellip;]<\/p>\n","protected":false},"author":1,"featured_media":0,"parent":0,"menu_order":0,"comment_status":"closed","ping_status":"closed","template":"","meta":{"om_disable_all_campaigns":false,"_monsterinsights_skip_tracking":false,"_monsterinsights_sitenote_active":false,"_monsterinsights_sitenote_note":"","_monsterinsights_sitenote_category":0,"site-sidebar-layout":"no-sidebar","site-content-layout":"page-builder","ast-site-content-layout":"full-width-container","site-content-style":"default","site-sidebar-style":"default","ast-global-header-display":"","ast-banner-title-visibility":"","ast-main-header-display":"","ast-hfb-above-header-display":"","ast-hfb-below-header-display":"","ast-hfb-mobile-header-display":"","site-post-title":"disabled","ast-breadcrumbs-content":"","ast-featured-img":"disabled","footer-sml-layout":"","ast-disable-related-posts":"","theme-transparent-header-meta":"","adv-header-id-meta":"","stick-header-meta":"","header-above-stick-meta":"","header-main-stick-meta":"","header-below-stick-meta":"","astra-migrate-meta-layouts":"set","ast-page-background-enabled":"default","ast-page-background-meta":{"desktop":{"background-color":"var(--ast-global-color-4)","background-image":"","background-repeat":"repeat","background-position":"center center","background-size":"auto","background-attachment":"scroll","background-type":"","background-media":"","overlay-type":"","overlay-color":"","overlay-opacity":"","overlay-gradient":""},"tablet":{"background-color":"","background-image":"","background-repeat":"repeat","background-position":"center center","background-size":"auto","background-attachment":"scroll","background-type":"","background-media":"","overlay-type":"","overlay-color":"","overlay-opacity":"","overlay-gradient":""},"mobile":{"background-color":"","background-image":"","background-repeat":"repeat","background-position":"center center","background-size":"auto","background-attachment":"scroll","background-type":"","background-media":"","overlay-type":"","overlay-color":"","overlay-opacity":"","overlay-gradient":""}},"ast-content-background-meta":{"desktop":{"background-color":"var(--ast-global-color-5)","background-image":"","background-repeat":"repeat","background-position":"center center","background-size":"auto","background-attachment":"scroll","background-type":"","background-media":"","overlay-type":"","overlay-color":"","overlay-opacity":"","overlay-gradient":""},"tablet":{"background-color":"var(--ast-global-color-5)","background-image":"","background-repeat":"repeat","background-position":"center center","background-size":"auto","background-attachment":"scroll","background-type":"","background-media":"","overlay-type":"","overlay-color":"","overlay-opacity":"","overlay-gradient":""},"mobile":{"background-color":"var(--ast-global-color-5)","background-image":"","background-repeat":"repeat","background-position":"center center","background-size":"auto","background-attachment":"scroll","background-type":"","background-media":"","overlay-type":"","overlay-color":"","overlay-opacity":"","overlay-gradient":""}},"footnotes":""},"class_list":["post-3449","page","type-page","status-publish","hentry"],"aioseo_notices":[],"_links":{"self":[{"href":"https:\/\/www.espace14-dental.com\/fr\/wp-json\/wp\/v2\/pages\/3449","targetHints":{"allow":["GET"]}}],"collection":[{"href":"https:\/\/www.espace14-dental.com\/fr\/wp-json\/wp\/v2\/pages"}],"about":[{"href":"https:\/\/www.espace14-dental.com\/fr\/wp-json\/wp\/v2\/types\/page"}],"author":[{"embeddable":true,"href":"https:\/\/www.espace14-dental.com\/fr\/wp-json\/wp\/v2\/users\/1"}],"replies":[{"embeddable":true,"href":"https:\/\/www.espace14-dental.com\/fr\/wp-json\/wp\/v2\/comments?post=3449"}],"version-history":[{"count":21,"href":"https:\/\/www.espace14-dental.com\/fr\/wp-json\/wp\/v2\/pages\/3449\/revisions"}],"predecessor-version":[{"id":3793,"href":"https:\/\/www.espace14-dental.com\/fr\/wp-json\/wp\/v2\/pages\/3449\/revisions\/3793"}],"wp:attachment":[{"href":"https:\/\/www.espace14-dental.com\/fr\/wp-json\/wp\/v2\/media?parent=3449"}],"curies":[{"name":"wp","href":"https:\/\/api.w.org\/{rel}","templated":true}]}}