{"id":3560,"date":"2025-05-13T09:26:38","date_gmt":"2025-05-13T09:26:38","guid":{"rendered":"https:\/\/www.espace14-dental.com\/?page_id=3560"},"modified":"2026-03-13T16:30:25","modified_gmt":"2026-03-13T16:30:25","slug":"the-hyaluron","status":"publish","type":"page","link":"https:\/\/www.espace14-dental.com\/fr\/the-hyaluron\/","title":{"rendered":"Le Hyaluron: un Booster Biologique"},"content":{"rendered":"<div data-elementor-type=\"wp-page\" data-elementor-id=\"3560\" class=\"elementor elementor-3560\">\n\t\t\t\t<div class=\"elementor-element elementor-element-d812b9f e-con-full e-flex e-con e-parent\" data-id=\"d812b9f\" data-element_type=\"container\" data-e-type=\"container\" data-settings=\"{&quot;background_background&quot;:&quot;classic&quot;}\">\n\t\t<div class=\"elementor-element elementor-element-a003715 e-con-full e-flex e-con e-child\" data-id=\"a003715\" data-element_type=\"container\" data-e-type=\"container\" data-settings=\"{&quot;background_background&quot;:&quot;classic&quot;}\">\n\t\t\t\t<div class=\"elementor-element elementor-element-4ddc670 elementor-widget__width-inherit exad-sticky-section-no exad-glass-effect-no elementor-widget elementor-widget-heading\" data-id=\"4ddc670\" data-element_type=\"widget\" data-e-type=\"widget\" data-widget_type=\"heading.default\">\n\t\t\t\t<div class=\"elementor-widget-container\">\n\t\t\t\t\t<h3 class=\"elementor-heading-title elementor-size-xl\">LE HYALURON<br><br><br><br><br><br><br><br>\n\n\n\n\n\n\nUn Booster Biologique<\/h3>\t\t\t\t<\/div>\n\t\t\t\t<\/div>\n\t\t\t\t<\/div>\n\t\t\t\t<\/div>\n\t\t\t\t<section class=\"elementor-section elementor-top-section elementor-element elementor-element-18ae36a6 elementor-section-boxed elementor-section-height-default elementor-section-height-default exad-glass-effect-no exad-sticky-section-no\" data-id=\"18ae36a6\" data-element_type=\"section\" data-e-type=\"section\" id=\"xs_tab_10\" data-settings=\"{&quot;background_background&quot;:&quot;classic&quot;}\">\n\t\t\t\t\t\t<div class=\"elementor-container elementor-column-gap-default\">\n\t\t\t\t\t<div class=\"elementor-column elementor-col-100 elementor-top-column elementor-element elementor-element-c7871ce exad-glass-effect-no exad-sticky-section-no\" data-id=\"c7871ce\" data-element_type=\"column\" data-e-type=\"column\">\n\t\t\t<div class=\"elementor-widget-wrap elementor-element-populated\">\n\t\t\t\t\t\t<div class=\"elementor-element elementor-element-1ba1e68 exad-sticky-section-no exad-glass-effect-no elementor-widget elementor-widget-text-editor\" data-id=\"1ba1e68\" data-element_type=\"widget\" data-e-type=\"widget\" data-widget_type=\"text-editor.default\">\n\t\t\t\t<div class=\"elementor-widget-container\">\n\t\t\t\t\t\t\t\t\t<p style=\"text-align: right;\"><a href=\"https:\/\/www.espace14-dental.com\/fr\/dental-biomaterials\/\"><strong>&lt;&lt; BACK<\/strong><\/a><\/p>\t\t\t\t\t\t\t\t<\/div>\n\t\t\t\t<\/div>\n\t\t\t\t<div class=\"elementor-element elementor-element-bff7ce5 exad-sticky-section-no exad-glass-effect-no elementor-widget elementor-widget-spacer\" data-id=\"bff7ce5\" data-element_type=\"widget\" data-e-type=\"widget\" data-widget_type=\"spacer.default\">\n\t\t\t\t<div class=\"elementor-widget-container\">\n\t\t\t\t\t\t\t<div class=\"elementor-spacer\">\n\t\t\t<div class=\"elementor-spacer-inner\"><\/div>\n\t\t<\/div>\n\t\t\t\t\t\t<\/div>\n\t\t\t\t<\/div>\n\t\t\t\t<div class=\"elementor-element elementor-element-ea522ef exad-sticky-section-no exad-glass-effect-no elementor-widget elementor-widget-heading\" data-id=\"ea522ef\" data-element_type=\"widget\" data-e-type=\"widget\" data-widget_type=\"heading.default\">\n\t\t\t\t<div class=\"elementor-widget-container\">\n\t\t\t\t\t<h3 class=\"elementor-heading-title elementor-size-default\">LES NOMBREUX AVANTAGES DU HYALURON POUR LA CHIRURGIE DENTAIRE<\/h3>\t\t\t\t<\/div>\n\t\t\t\t<\/div>\n\t\t\t\t<div class=\"elementor-element elementor-element-436c4da exad-sticky-section-no exad-glass-effect-no elementor-widget elementor-widget-text-editor\" data-id=\"436c4da\" data-element_type=\"widget\" data-e-type=\"widget\" data-widget_type=\"text-editor.default\">\n\t\t\t\t<div class=\"elementor-widget-container\">\n\t\t\t\t\t\t\t\t\t<p><span style=\"color: #99cc00;\"><strong>Optimisation des r\u00e9sultats cliniques<\/strong><\/span><br \/>Le Hyaluron stabilise le caillot sanguin qui attire les facteurs de croissance. Il soutient et acc\u00e9l\u00e8re la formation des tissus durs (os) et des tissus mous (gencive).<\/p><p><strong><span style=\"color: #99cc00;\">Cicatrisation acc\u00e9l\u00e9r\u00e9e<\/span><\/strong><br \/>Il favorise l'angiogen\u00e8se pour une meilleure vascularisation et formation des tissus durs et mous, sur une p\u00e9riode prolong\u00e9e.<\/p><p><span style=\"color: #99cc00;\"><strong>R\u00e9duction des risques d'infection<\/strong><\/span><br \/>Le Hyaluron poss\u00e8de naturellement des propri\u00e9t\u00e9s bact\u00e9riostatiques qui contribuent \u00e0 r\u00e9duire les risques d'infection.<\/p><p><strong><span style=\"color: #99cc00;\">Satisfaction patient<\/span><\/strong><br \/>Le Hyaluron r\u00e9duit l'inflammation, la douleur et l'inconfort pendant les phases de gu\u00e9rison.<\/p><p><strong><span style=\"color: #99cc00;\">Facilit\u00e9 d\u2019utilisation<\/span><\/strong><br \/>Il suffit d'appliquer le gel directement sur les tissus (tissus mous, os, racine dentaire) dans le site chirurgical.<\/p>\t\t\t\t\t\t\t\t<\/div>\n\t\t\t\t<\/div>\n\t\t\t\t<div class=\"elementor-element elementor-element-74cd4e8 exad-sticky-section-no exad-glass-effect-no elementor-widget elementor-widget-spacer\" data-id=\"74cd4e8\" data-element_type=\"widget\" data-e-type=\"widget\" data-widget_type=\"spacer.default\">\n\t\t\t\t<div class=\"elementor-widget-container\">\n\t\t\t\t\t\t\t<div class=\"elementor-spacer\">\n\t\t\t<div class=\"elementor-spacer-inner\"><\/div>\n\t\t<\/div>\n\t\t\t\t\t\t<\/div>\n\t\t\t\t<\/div>\n\t\t\t\t<div class=\"elementor-element elementor-element-d4963c8 exad-sticky-section-no exad-glass-effect-no elementor-widget elementor-widget-image\" data-id=\"d4963c8\" data-element_type=\"widget\" data-e-type=\"widget\" data-widget_type=\"image.default\">\n\t\t\t\t<div class=\"elementor-widget-container\">\n\t\t\t\t\t\t\t\t\t\t\t\t\t\t\t<img decoding=\"async\" src=\"https:\/\/www.espace14-dental.com\/wp-content\/uploads\/2025\/07\/Hyaluron_composition_FR_l.jpg\" title=\"Hyaluron_Composition_Espace14\" alt=\"Hyaluron_Composition_Espace14\" loading=\"lazy\" \/>\t\t\t\t\t\t\t\t\t\t\t\t\t\t\t<\/div>\n\t\t\t\t<\/div>\n\t\t\t\t<div class=\"elementor-element elementor-element-b75e2a4 exad-sticky-section-no exad-glass-effect-no elementor-widget elementor-widget-spacer\" data-id=\"b75e2a4\" data-element_type=\"widget\" data-e-type=\"widget\" data-widget_type=\"spacer.default\">\n\t\t\t\t<div class=\"elementor-widget-container\">\n\t\t\t\t\t\t\t<div class=\"elementor-spacer\">\n\t\t\t<div class=\"elementor-spacer-inner\"><\/div>\n\t\t<\/div>\n\t\t\t\t\t\t<\/div>\n\t\t\t\t<\/div>\n\t\t\t\t<div class=\"elementor-element elementor-element-c0af6b2 exad-sticky-section-no exad-glass-effect-no elementor-widget elementor-widget-text-editor\" data-id=\"c0af6b2\" data-element_type=\"widget\" data-e-type=\"widget\" data-widget_type=\"text-editor.default\">\n\t\t\t\t<div class=\"elementor-widget-container\">\n\t\t\t\t\t\t\t\t\t<p><span style=\"color: #99cc00;\"><strong>Description<\/strong><\/span><\/p><p>Healvisco\u00ae Dentaire avec un pH de 6,8-7,4 contient de l'hyaluronate de sodium, de poids mol\u00e9culaire \u00e9lev\u00e9, produit par fermentation bact\u00e9rienne, d'origine non animale. Il est st\u00e9rile et non pyrog\u00e8ne.<\/p><p>Le produit est destin\u00e9 \u00e0 la cicatrisation naturelle des plaies dans le domaine de la dentisterie, en particulier en chirurgie orale, en implantologie dentaire et en dentisterie esth\u00e9tique.<\/p>\t\t\t\t\t\t\t\t<\/div>\n\t\t\t\t<\/div>\n\t\t<div class=\"elementor-element elementor-element-34ee788 e-grid e-con-boxed e-con e-parent\" data-id=\"34ee788\" data-element_type=\"container\" data-e-type=\"container\">\n\t\t\t\t\t<div class=\"e-con-inner\">\n\t\t\t\t<div class=\"elementor-element elementor-element-f8d5374 exad-sticky-section-no exad-glass-effect-no elementor-widget elementor-widget-image\" data-id=\"f8d5374\" data-element_type=\"widget\" data-e-type=\"widget\" data-widget_type=\"image.default\">\n\t\t\t\t<div class=\"elementor-widget-container\">\n\t\t\t\t\t\t\t\t\t\t\t\t\t\t\t<img decoding=\"async\" src=\"https:\/\/www.espace14-dental.com\/wp-content\/uploads\/elementor\/thumbs\/Hyaluron_packaging_Espace14-r5r7s956akaagtxrz1redealbb4q7zn8poeqnfa70w.jpg\" title=\"Hyaluron_packaging_Espace14\" alt=\"Hyaluron_packaging_Espace14\" loading=\"lazy\" \/>\t\t\t\t\t\t\t\t\t\t\t\t\t\t\t<\/div>\n\t\t\t\t<\/div>\n\t\t\t\t<div class=\"elementor-element elementor-element-0b93642 exad-sticky-section-no exad-glass-effect-no elementor-widget elementor-widget-text-editor\" data-id=\"0b93642\" data-element_type=\"widget\" data-e-type=\"widget\" data-widget_type=\"text-editor.default\">\n\t\t\t\t<div class=\"elementor-widget-container\">\n\t\t\t\t\t\t\t\t\t<p>\u00a0<\/p><p><span style=\"color: #99cc00;\"><strong>Indications<\/strong><\/span><\/p><p>Chirurgie orale, implantologie dentaire et dentisterie esth\u00e9tique, principalement pour l'acc\u00e9l\u00e9ration de la cicatrisation des tissus apr\u00e8s toute intervention chirurgicale, l'optimisation des proc\u00e9dures de pr\u00e9servation des cr\u00eates \/ des alv\u00e9oles, la r\u00e9duction de la formation de tissu cicatriciel dans les zones esth\u00e9tiquement exigeantes et le soutien des proc\u00e9dures de blanchiment.<\/p><p>\u00a0<\/p>\t\t\t\t\t\t\t\t<\/div>\n\t\t\t\t<\/div>\n\t\t\t\t\t<\/div>\n\t\t\t\t<\/div>\n\t\t\t\t\t<\/div>\n\t\t<\/div>\n\t\t\t\t\t<\/div>\n\t\t<\/section>\n\t\t<div class=\"elementor-element elementor-element-28350c5 e-flex e-con-boxed e-con e-parent\" data-id=\"28350c5\" data-element_type=\"container\" data-e-type=\"container\">\n\t\t\t\t\t<div class=\"e-con-inner\">\n\t\t\t\t<div class=\"elementor-element elementor-element-263b5a7 e-n-tabs-mobile exad-sticky-section-no exad-glass-effect-no elementor-widget elementor-widget-n-tabs\" data-id=\"263b5a7\" data-element_type=\"widget\" data-e-type=\"widget\" data-settings=\"{&quot;horizontal_scroll&quot;:&quot;disable&quot;}\" data-widget_type=\"nested-tabs.default\">\n\t\t\t\t<div class=\"elementor-widget-container\">\n\t\t\t\t\t\t\t<div class=\"e-n-tabs\" data-widget-number=\"40088999\" aria-label=\"Tabs. Open items with Enter or Space, close with Escape and navigate using the Arrow keys.\">\n\t\t\t<div class=\"e-n-tabs-heading\" role=\"tablist\">\n\t\t\t\t\t<button id=\"e-n-tab-title-400889991\" data-tab-title-id=\"e-n-tab-title-400889991\" class=\"e-n-tab-title\" aria-selected=\"true\" data-tab-index=\"1\" role=\"tab\" tabindex=\"0\" aria-controls=\"e-n-tab-content-400889991\" style=\"--n-tabs-title-order: 1;\">\n\t\t\t\t\t\t<span class=\"e-n-tab-title-text\">\n\t\t\t\tBOOSTER DE R\u00c9G\u00c9N\u00c9RATION PARODONTALE\t\t\t<\/span>\n\t\t<\/button>\n\t\t\t\t<button id=\"e-n-tab-title-400889992\" data-tab-title-id=\"e-n-tab-title-400889992\" class=\"e-n-tab-title\" aria-selected=\"false\" data-tab-index=\"2\" role=\"tab\" tabindex=\"-1\" aria-controls=\"e-n-tab-content-400889992\" style=\"--n-tabs-title-order: 2;\">\n\t\t\t\t\t\t<span class=\"e-n-tab-title-text\">\n\t\t\t\tBOOSTER DE R\u00c9G\u00c9N\u00c9RATION OSSEUSE\t\t\t<\/span>\n\t\t<\/button>\n\t\t\t\t\t<\/div>\n\t\t\t<div class=\"e-n-tabs-content\">\n\t\t\t\t<div id=\"e-n-tab-content-400889991\" role=\"tabpanel\" aria-labelledby=\"e-n-tab-title-400889991\" data-tab-index=\"1\" style=\"--n-tabs-title-order: 1;\" class=\"e-active elementor-element elementor-element-66a04db e-con-full e-flex e-con e-child\" data-id=\"66a04db\" data-element_type=\"container\" data-e-type=\"container\">\n\t\t\t\t<div class=\"elementor-element elementor-element-638d244 exad-sticky-section-no exad-glass-effect-no elementor-widget elementor-widget-image\" data-id=\"638d244\" data-element_type=\"widget\" data-e-type=\"widget\" data-widget_type=\"image.default\">\n\t\t\t\t<div class=\"elementor-widget-container\">\n\t\t\t\t\t\t\t\t\t\t\t\t\t\t\t<img fetchpriority=\"high\" decoding=\"async\" width=\"768\" height=\"446\" src=\"https:\/\/www.espace14-dental.com\/wp-content\/uploads\/2025\/05\/Espace14_Hyaluron_Fr_SOFT-TISSUES.jpg\" class=\"attachment-medium_large size-medium_large wp-image-3572\" alt=\"\" srcset=\"https:\/\/www.espace14-dental.com\/wp-content\/uploads\/2025\/05\/Espace14_Hyaluron_Fr_SOFT-TISSUES.jpg 1500w, https:\/\/www.espace14-dental.com\/wp-content\/uploads\/2025\/05\/Espace14_Hyaluron_Fr_SOFT-TISSUES-300x173.jpg 300w, https:\/\/www.espace14-dental.com\/wp-content\/uploads\/2025\/05\/Espace14_Hyaluron_Fr_SOFT-TISSUES-1024x592.jpg 1024w, https:\/\/www.espace14-dental.com\/wp-content\/uploads\/2025\/05\/Espace14_Hyaluron_Fr_SOFT-TISSUES-768x444.jpg 768w, https:\/\/www.espace14-dental.com\/wp-content\/uploads\/2025\/05\/Espace14_Hyaluron_Fr_SOFT-TISSUES-18x10.jpg 18w\" sizes=\"(max-width: 768px) 100vw, 768px\" \/>\t\t\t\t\t\t\t\t\t\t\t\t\t\t\t<\/div>\n\t\t\t\t<\/div>\n\t\t\t\t<\/div>\n\t\t<div id=\"e-n-tab-content-400889992\" role=\"tabpanel\" aria-labelledby=\"e-n-tab-title-400889992\" data-tab-index=\"2\" style=\"--n-tabs-title-order: 2;\" class=\"elementor-element elementor-element-51e6c11 e-con-full e-flex e-con e-child\" data-id=\"51e6c11\" data-element_type=\"container\" data-e-type=\"container\">\n\t\t\t\t<div class=\"elementor-element elementor-element-dea216b exad-sticky-section-no exad-glass-effect-no elementor-widget elementor-widget-image\" data-id=\"dea216b\" data-element_type=\"widget\" data-e-type=\"widget\" data-widget_type=\"image.default\">\n\t\t\t\t<div class=\"elementor-widget-container\">\n\t\t\t\t\t\t\t\t\t\t\t\t\t\t\t<img decoding=\"async\" width=\"768\" height=\"428\" src=\"https:\/\/www.espace14-dental.com\/wp-content\/uploads\/2025\/05\/Espace14_Hyaluron_Fr_BONES.jpg\" class=\"attachment-medium_large size-medium_large wp-image-3571\" alt=\"Hyaluron Hard Tissues - Espace 14\" srcset=\"https:\/\/www.espace14-dental.com\/wp-content\/uploads\/2025\/05\/Espace14_Hyaluron_Fr_BONES.jpg 1500w, https:\/\/www.espace14-dental.com\/wp-content\/uploads\/2025\/05\/Espace14_Hyaluron_Fr_BONES-300x164.jpg 300w, https:\/\/www.espace14-dental.com\/wp-content\/uploads\/2025\/05\/Espace14_Hyaluron_Fr_BONES-1024x559.jpg 1024w, https:\/\/www.espace14-dental.com\/wp-content\/uploads\/2025\/05\/Espace14_Hyaluron_Fr_BONES-768x419.jpg 768w, https:\/\/www.espace14-dental.com\/wp-content\/uploads\/2025\/05\/Espace14_Hyaluron_Fr_BONES-18x10.jpg 18w\" sizes=\"(max-width: 768px) 100vw, 768px\" \/>\t\t\t\t\t\t\t\t\t\t\t\t\t\t\t<\/div>\n\t\t\t\t<\/div>\n\t\t\t\t<\/div>\n\t\t\t\t\t<\/div>\n\t\t<\/div>\n\t\t\t\t\t\t<\/div>\n\t\t\t\t<\/div>\n\t\t\t\t<div class=\"elementor-element elementor-element-e0a0a14 exad-sticky-section-no exad-glass-effect-no elementor-widget elementor-widget-spacer\" data-id=\"e0a0a14\" data-element_type=\"widget\" data-e-type=\"widget\" data-widget_type=\"spacer.default\">\n\t\t\t\t<div class=\"elementor-widget-container\">\n\t\t\t\t\t\t\t<div class=\"elementor-spacer\">\n\t\t\t<div class=\"elementor-spacer-inner\"><\/div>\n\t\t<\/div>\n\t\t\t\t\t\t<\/div>\n\t\t\t\t<\/div>\n\t\t\t\t<div class=\"elementor-element elementor-element-59a92d6 exad-sticky-section-no exad-glass-effect-no elementor-widget elementor-widget-image\" data-id=\"59a92d6\" data-element_type=\"widget\" data-e-type=\"widget\" data-no-translation=\"\" data-widget_type=\"image.default\">\n\t\t\t\t<div class=\"elementor-widget-container\">\n\t\t\t\t\t\t\t\t\t\t\t\t\t\t\t<img decoding=\"async\" width=\"768\" height=\"39\" src=\"https:\/\/www.espace14-dental.com\/wp-content\/uploads\/2025\/07\/Offre_Commerciale_Titre-768x39.jpg\" class=\"attachment-medium_large size-medium_large wp-image-3787\" alt=\"\" srcset=\"https:\/\/www.espace14-dental.com\/wp-content\/uploads\/2025\/07\/Offre_Commerciale_Titre-768x39.jpg 768w, https:\/\/www.espace14-dental.com\/wp-content\/uploads\/2025\/07\/Offre_Commerciale_Titre-300x15.jpg 300w, https:\/\/www.espace14-dental.com\/wp-content\/uploads\/2025\/07\/Offre_Commerciale_Titre-1024x52.jpg 1024w, https:\/\/www.espace14-dental.com\/wp-content\/uploads\/2025\/07\/Offre_Commerciale_Titre-1536x79.jpg 1536w, https:\/\/www.espace14-dental.com\/wp-content\/uploads\/2025\/07\/Offre_Commerciale_Titre-18x1.jpg 18w, https:\/\/www.espace14-dental.com\/wp-content\/uploads\/2025\/07\/Offre_Commerciale_Titre.jpg 1718w\" sizes=\"(max-width: 768px) 100vw, 768px\" \/>\t\t\t\t\t\t\t\t\t\t\t\t\t\t\t<\/div>\n\t\t\t\t<\/div>\n\t\t\t\t<div class=\"elementor-element elementor-element-c32f689 exad-sticky-section-no exad-glass-effect-no elementor-widget elementor-widget-image\" data-id=\"c32f689\" data-element_type=\"widget\" data-e-type=\"widget\" data-no-translation=\"\" data-widget_type=\"image.default\">\n\t\t\t\t<div class=\"elementor-widget-container\">\n\t\t\t\t\t\t\t\t\t\t\t\t\t\t\t<img loading=\"lazy\" decoding=\"async\" width=\"768\" height=\"209\" src=\"https:\/\/www.espace14-dental.com\/wp-content\/uploads\/2025\/07\/Offre_commerciale_Hyaluron_Espace14-768x209.jpg\" class=\"attachment-medium_large size-medium_large wp-image-3794\" alt=\"Offre commerciale Hyaluron Espace14\" srcset=\"https:\/\/www.espace14-dental.com\/wp-content\/uploads\/2025\/07\/Offre_commerciale_Hyaluron_Espace14-768x209.jpg 768w, https:\/\/www.espace14-dental.com\/wp-content\/uploads\/2025\/07\/Offre_commerciale_Hyaluron_Espace14-300x82.jpg 300w, https:\/\/www.espace14-dental.com\/wp-content\/uploads\/2025\/07\/Offre_commerciale_Hyaluron_Espace14-1024x279.jpg 1024w, https:\/\/www.espace14-dental.com\/wp-content\/uploads\/2025\/07\/Offre_commerciale_Hyaluron_Espace14-18x5.jpg 18w, https:\/\/www.espace14-dental.com\/wp-content\/uploads\/2025\/07\/Offre_commerciale_Hyaluron_Espace14.jpg 1367w\" sizes=\"(max-width: 768px) 100vw, 768px\" \/>\t\t\t\t\t\t\t\t\t\t\t\t\t\t\t<\/div>\n\t\t\t\t<\/div>\n\t\t\t\t<div class=\"elementor-element elementor-element-b0de874 exad-sticky-section-no exad-glass-effect-no elementor-widget elementor-widget-spacer\" data-id=\"b0de874\" data-element_type=\"widget\" data-e-type=\"widget\" data-no-translation=\"\" data-widget_type=\"spacer.default\">\n\t\t\t\t<div class=\"elementor-widget-container\">\n\t\t\t\t\t\t\t<div class=\"elementor-spacer\">\n\t\t\t<div class=\"elementor-spacer-inner\"><\/div>\n\t\t<\/div>\n\t\t\t\t\t\t<\/div>\n\t\t\t\t<\/div>\n\t\t\t\t\t<\/div>\n\t\t\t\t<\/div>\n\t\t\t\t<\/div>","protected":false},"excerpt":{"rendered":"<p>THE HYALURON A Biological Booster &lt;&lt; BACK THE MANY ADVANTAGES OF HYALURON FOR DENTAL SURGERY Optimization of Clinical OutcomesHyaluron stabilizes the blood clot, which attracts growth factors. It supports and accelerates the formation of hard tissue (bone) and soft tissue (gingiva). Accelerated HealingIt promotes angiogenesis for improved vascularization and the formation of hard and soft [&hellip;]<\/p>\n","protected":false},"author":1,"featured_media":0,"parent":0,"menu_order":0,"comment_status":"closed","ping_status":"closed","template":"","meta":{"om_disable_all_campaigns":false,"_monsterinsights_skip_tracking":false,"_monsterinsights_sitenote_active":false,"_monsterinsights_sitenote_note":"","_monsterinsights_sitenote_category":0,"site-sidebar-layout":"no-sidebar","site-content-layout":"page-builder","ast-site-content-layout":"full-width-container","site-content-style":"default","site-sidebar-style":"default","ast-global-header-display":"","ast-banner-title-visibility":"","ast-main-header-display":"","ast-hfb-above-header-display":"","ast-hfb-below-header-display":"","ast-hfb-mobile-header-display":"","site-post-title":"disabled","ast-breadcrumbs-content":"","ast-featured-img":"disabled","footer-sml-layout":"","ast-disable-related-posts":"","theme-transparent-header-meta":"","adv-header-id-meta":"","stick-header-meta":"","header-above-stick-meta":"","header-main-stick-meta":"","header-below-stick-meta":"","astra-migrate-meta-layouts":"set","ast-page-background-enabled":"default","ast-page-background-meta":{"desktop":{"background-color":"var(--ast-global-color-4)","background-image":"","background-repeat":"repeat","background-position":"center center","background-size":"auto","background-attachment":"scroll","background-type":"","background-media":"","overlay-type":"","overlay-color":"","overlay-opacity":"","overlay-gradient":""},"tablet":{"background-color":"","background-image":"","background-repeat":"repeat","background-position":"center center","background-size":"auto","background-attachment":"scroll","background-type":"","background-media":"","overlay-type":"","overlay-color":"","overlay-opacity":"","overlay-gradient":""},"mobile":{"background-color":"","background-image":"","background-repeat":"repeat","background-position":"center center","background-size":"auto","background-attachment":"scroll","background-type":"","background-media":"","overlay-type":"","overlay-color":"","overlay-opacity":"","overlay-gradient":""}},"ast-content-background-meta":{"desktop":{"background-color":"var(--ast-global-color-5)","background-image":"","background-repeat":"repeat","background-position":"center center","background-size":"auto","background-attachment":"scroll","background-type":"","background-media":"","overlay-type":"","overlay-color":"","overlay-opacity":"","overlay-gradient":""},"tablet":{"background-color":"var(--ast-global-color-5)","background-image":"","background-repeat":"repeat","background-position":"center center","background-size":"auto","background-attachment":"scroll","background-type":"","background-media":"","overlay-type":"","overlay-color":"","overlay-opacity":"","overlay-gradient":""},"mobile":{"background-color":"var(--ast-global-color-5)","background-image":"","background-repeat":"repeat","background-position":"center center","background-size":"auto","background-attachment":"scroll","background-type":"","background-media":"","overlay-type":"","overlay-color":"","overlay-opacity":"","overlay-gradient":""}},"footnotes":""},"class_list":["post-3560","page","type-page","status-publish","hentry"],"aioseo_notices":[],"_links":{"self":[{"href":"https:\/\/www.espace14-dental.com\/fr\/wp-json\/wp\/v2\/pages\/3560","targetHints":{"allow":["GET"]}}],"collection":[{"href":"https:\/\/www.espace14-dental.com\/fr\/wp-json\/wp\/v2\/pages"}],"about":[{"href":"https:\/\/www.espace14-dental.com\/fr\/wp-json\/wp\/v2\/types\/page"}],"author":[{"embeddable":true,"href":"https:\/\/www.espace14-dental.com\/fr\/wp-json\/wp\/v2\/users\/1"}],"replies":[{"embeddable":true,"href":"https:\/\/www.espace14-dental.com\/fr\/wp-json\/wp\/v2\/comments?post=3560"}],"version-history":[{"count":33,"href":"https:\/\/www.espace14-dental.com\/fr\/wp-json\/wp\/v2\/pages\/3560\/revisions"}],"predecessor-version":[{"id":5080,"href":"https:\/\/www.espace14-dental.com\/fr\/wp-json\/wp\/v2\/pages\/3560\/revisions\/5080"}],"wp:attachment":[{"href":"https:\/\/www.espace14-dental.com\/fr\/wp-json\/wp\/v2\/media?parent=3560"}],"curies":[{"name":"wp","href":"https:\/\/api.w.org\/{rel}","templated":true}]}}