{"id":3855,"date":"2025-07-23T16:32:14","date_gmt":"2025-07-23T16:32:14","guid":{"rendered":"https:\/\/www.espace14-dental.com\/?page_id=3855"},"modified":"2025-10-03T08:22:51","modified_gmt":"2025-10-03T08:22:51","slug":"implant-motor-venton-m1","status":"publish","type":"page","link":"https:\/\/www.espace14-dental.com\/fr\/implant-motor-venton-m1\/","title":{"rendered":"MOTEUR D'IMPLANTOLOGIE VENTON M1"},"content":{"rendered":"<div data-elementor-type=\"wp-page\" data-elementor-id=\"3855\" class=\"elementor elementor-3855\">\n\t\t\t\t<div class=\"elementor-element elementor-element-d812b9f e-con-full e-flex e-con e-parent\" data-id=\"d812b9f\" data-element_type=\"container\" data-e-type=\"container\" data-settings=\"{&quot;background_background&quot;:&quot;classic&quot;}\">\n\t\t<div class=\"elementor-element elementor-element-a003715 e-con-full e-flex e-con e-child\" data-id=\"a003715\" data-element_type=\"container\" data-e-type=\"container\">\n\t\t\t\t<div class=\"elementor-element elementor-element-4ddc670 elementor-widget__width-inherit exad-sticky-section-no exad-glass-effect-no elementor-widget elementor-widget-heading\" data-id=\"4ddc670\" data-element_type=\"widget\" data-e-type=\"widget\" data-widget_type=\"heading.default\">\n\t\t\t\t<div class=\"elementor-widget-container\">\n\t\t\t\t\t<h3 class=\"elementor-heading-title elementor-size-xl\">MOTEUR D'IMPLANTOLOGIE VENTON M1<\/h3>\t\t\t\t<\/div>\n\t\t\t\t<\/div>\n\t\t\t\t<\/div>\n\t\t\t\t<\/div>\n\t\t<div class=\"elementor-element elementor-element-63e18f3 e-flex e-con-boxed e-con e-parent\" data-id=\"63e18f3\" data-element_type=\"container\" data-e-type=\"container\">\n\t\t\t\t\t<div class=\"e-con-inner\">\n\t\t<div class=\"elementor-element elementor-element-4ec8bf3 e-con-full e-flex e-con e-child\" data-id=\"4ec8bf3\" data-element_type=\"container\" data-e-type=\"container\">\n\t\t\t\t<div class=\"elementor-element elementor-element-7a083e2 exad-sticky-section-no exad-glass-effect-no elementor-widget elementor-widget-image\" data-id=\"7a083e2\" data-element_type=\"widget\" data-e-type=\"widget\" data-widget_type=\"image.default\">\n\t\t\t\t<div class=\"elementor-widget-container\">\n\t\t\t\t\t\t\t\t\t\t\t\t\t\t\t<img decoding=\"async\" src=\"https:\/\/www.espace14-dental.com\/wp-content\/uploads\/elementor\/thumbs\/MOTOR_VENTON_M1_Espace14-r98k0celb4m9q0ovy49d7uf24baufleqee6qm2who0.jpg\" title=\"MOTOR_VENTON_M1_Espace14\" alt=\"Implant Motor Venton M1 by Espace 14\" loading=\"lazy\" \/>\t\t\t\t\t\t\t\t\t\t\t\t\t\t\t<\/div>\n\t\t\t\t<\/div>\n\t\t\t\t<\/div>\n\t\t<div class=\"elementor-element elementor-element-9173566 e-con-full e-flex e-con e-child\" data-id=\"9173566\" data-element_type=\"container\" data-e-type=\"container\">\n\t\t\t\t<div class=\"elementor-element elementor-element-84c46f0 exad-sticky-section-no exad-glass-effect-no elementor-widget elementor-widget-image\" data-id=\"84c46f0\" data-element_type=\"widget\" data-e-type=\"widget\" data-widget_type=\"image.default\">\n\t\t\t\t<div class=\"elementor-widget-container\">\n\t\t\t\t\t\t\t\t\t\t\t\t\t\t\t<img fetchpriority=\"high\" decoding=\"async\" width=\"967\" height=\"1024\" src=\"https:\/\/www.espace14-dental.com\/wp-content\/uploads\/2025\/07\/VentonM1_ISO_Fr.jpg\" class=\"attachment-large size-large wp-image-3869\" alt=\"Implant Motor Venton M1 by Espace 14\" srcset=\"https:\/\/www.espace14-dental.com\/wp-content\/uploads\/2025\/07\/VentonM1_ISO_Fr.jpg 800w, https:\/\/www.espace14-dental.com\/wp-content\/uploads\/2025\/07\/VentonM1_ISO_Fr-287x300.jpg 287w, https:\/\/www.espace14-dental.com\/wp-content\/uploads\/2025\/07\/VentonM1_ISO_Fr-768x802.jpg 768w, https:\/\/www.espace14-dental.com\/wp-content\/uploads\/2025\/07\/VentonM1_ISO_Fr-11x12.jpg 11w\" sizes=\"(max-width: 967px) 100vw, 967px\" \/>\t\t\t\t\t\t\t\t\t\t\t\t\t\t\t<\/div>\n\t\t\t\t<\/div>\n\t\t\t\t<\/div>\n\t\t\t\t\t<\/div>\n\t\t\t\t<\/div>\n\t\t<div class=\"elementor-element elementor-element-223a064 e-flex e-con-boxed e-con e-parent\" data-id=\"223a064\" data-element_type=\"container\" data-e-type=\"container\">\n\t\t\t\t\t<div class=\"e-con-inner\">\n\t\t\t\t<div class=\"elementor-element elementor-element-48d08cc exad-sticky-section-no exad-glass-effect-no elementor-widget elementor-widget-image\" data-id=\"48d08cc\" data-element_type=\"widget\" data-e-type=\"widget\" data-no-translation=\"\" data-widget_type=\"image.default\">\n\t\t\t\t<div class=\"elementor-widget-container\">\n\t\t\t\t\t\t\t\t\t\t\t\t\t\t\t<img decoding=\"async\" src=\"https:\/\/www.espace14-dental.com\/wp-content\/uploads\/elementor\/thumbs\/Offre_commerciale_VENTON_M1_Espace14-r9haolnkoqtsl4jay7masj5wpetr176dlga0ij687y.jpg\" title=\"Offre_commerciale_VENTON_M1_Espace14\" alt=\"MOTEUR VENTON M1 - Offre commerciale\" loading=\"lazy\" \/>\t\t\t\t\t\t\t\t\t\t\t\t\t\t\t<\/div>\n\t\t\t\t<\/div>\n\t\t\t\t<div class=\"elementor-element elementor-element-ea9624b exad-sticky-section-no exad-glass-effect-no elementor-widget elementor-widget-elementskit-accordion\" data-id=\"ea9624b\" data-element_type=\"widget\" data-e-type=\"widget\" data-widget_type=\"elementskit-accordion.default\">\n\t\t\t\t<div class=\"elementor-widget-container\">\n\t\t\t\t\t<div class=\"ekit-wid-con\" >\n        <div class=\"elementskit-accordion accoedion-primary\" id=\"accordion-69fb5619eeb81\">\n\n            \n                <div class=\"elementskit-card\">\n                    <div class=\"elementskit-card-header\" id=\"primaryHeading-0-ea9624b\">\n                        <a href=\"#collapse-05263f769fb5619eeb81\" class=\"ekit-accordion--toggler elementskit-btn-link collapsed\" data-ekit-toggle=\"collapse\" data-target=\"#Collapse-05263f769fb5619eeb81\" aria-expanded=\"false\" aria-controls=\"Collapse-05263f769fb5619eeb81\">\n                            \n                            <span class=\"ekit-accordion-title\">PR\u00c9SENTATION<\/span>\n\n                            \n                                <div class=\"ekit_accordion_icon_group\">\n                                    <div class=\"ekit_accordion_normal_icon\">\n                                        <!-- Normal Icon -->\n\t\t\t\t\t\t\t\t\t\t<i class=\"icon icon-down-arrow1\"><\/i>                                    <\/div>\n\n                                    <div class=\"ekit_accordion_active_icon\">\n                                        <!-- Active Icon -->\n\t\t\t\t\t\t\t\t\t\t<i class=\"icon icon-up-arrow\"><\/i>                                    <\/div>\n                                <\/div>\n\n                            \n                                                    <\/a>\n                    <\/div>\n\n                    <div id=\"Collapse-05263f769fb5619eeb81\" class=\"collapse\" aria-labelledby=\"primaryHeading-0-ea9624b\" data-parent=\"#accordion-69fb5619eeb81\">\n\n                        <div class=\"elementskit-card-body ekit-accordion--content\">\n                            <ul><li>Fonctionnement \u00e0 un seul bouton, facile \u00e0 utiliser, ultra s\u00fbr et pratique<\/li><li>Programmation libre, r\u00e9pond aux besoins d\u2019une grande vari\u00e9t\u00e9 d\u2019utilisateurs<\/li><li>\u00c9cran LCD haute d\u00e9finition unique, sans reflet, lisible \u00e0 360\u00b0<\/li><li>Le r\u00e9glage du volume de liquide de refroidissement \u00e0 100 % atteint un minimum de 90 ml\/min ; il d\u00e9marre simultan\u00e9ment avec la pi\u00e8ce \u00e0 main afin d'assurer un refroidissement optimal de celle-ci.<\/li><\/ul>                        <\/div>\n\n                    <\/div>\n\n                <\/div><!-- .elementskit-card END -->\n\n                \n                <div class=\"elementskit-card\">\n                    <div class=\"elementskit-card-header\" id=\"primaryHeading-1-ea9624b\">\n                        <a href=\"#collapse-ece5a8369fb5619eeb81\" class=\"ekit-accordion--toggler elementskit-btn-link collapsed\" data-ekit-toggle=\"collapse\" data-target=\"#Collapse-ece5a8369fb5619eeb81\" aria-expanded=\"false\" aria-controls=\"Collapse-ece5a8369fb5619eeb81\">\n                            \n                            <span class=\"ekit-accordion-title\">D\u00c9TAILS<\/span>\n\n                            \n                                <div class=\"ekit_accordion_icon_group\">\n                                    <div class=\"ekit_accordion_normal_icon\">\n                                        <!-- Normal Icon -->\n\t\t\t\t\t\t\t\t\t\t<i class=\"icon icon-down-arrow1\"><\/i>                                    <\/div>\n\n                                    <div class=\"ekit_accordion_active_icon\">\n                                        <!-- Active Icon -->\n\t\t\t\t\t\t\t\t\t\t<i class=\"icon icon-up-arrow\"><\/i>                                    <\/div>\n                                <\/div>\n\n                            \n                                                    <\/a>\n                    <\/div>\n\n                    <div id=\"Collapse-ece5a8369fb5619eeb81\" class=\"collapse\" aria-labelledby=\"primaryHeading-1-ea9624b\" data-parent=\"#accordion-69fb5619eeb81\">\n\n                        <div class=\"elementskit-card-body ekit-accordion--content\">\n                            <p><img decoding=\"async\" class=\"aligncenter wp-image-3885\" src=\"https:\/\/www.espace14-dental.com\/wp-content\/uploads\/2025\/07\/VentonM1_Details_Body_Fr.jpg\" alt=\"Implant Motor Venton M1 by Espace 14\" width=\"700\" height=\"213\" srcset=\"https:\/\/www.espace14-dental.com\/wp-content\/uploads\/2025\/07\/VentonM1_Details_Body_Fr.jpg 906w, https:\/\/www.espace14-dental.com\/wp-content\/uploads\/2025\/07\/VentonM1_Details_Body_Fr-300x91.jpg 300w, https:\/\/www.espace14-dental.com\/wp-content\/uploads\/2025\/07\/VentonM1_Details_Body_Fr-768x233.jpg 768w, https:\/\/www.espace14-dental.com\/wp-content\/uploads\/2025\/07\/VentonM1_Details_Body_Fr-18x5.jpg 18w\" sizes=\"(max-width: 700px) 100vw, 700px\" \/><\/p><p><img decoding=\"async\" class=\"wp-image-3886 aligncenter\" src=\"https:\/\/www.espace14-dental.com\/wp-content\/uploads\/2025\/07\/VentonM1_Details_MicroM_Fr.jpg\" alt=\"Implant Motor Venton M1 by Espace 14\" width=\"700\" height=\"223\" srcset=\"https:\/\/www.espace14-dental.com\/wp-content\/uploads\/2025\/07\/VentonM1_Details_MicroM_Fr.jpg 906w, https:\/\/www.espace14-dental.com\/wp-content\/uploads\/2025\/07\/VentonM1_Details_MicroM_Fr-300x97.jpg 300w, https:\/\/www.espace14-dental.com\/wp-content\/uploads\/2025\/07\/VentonM1_Details_MicroM_Fr-768x249.jpg 768w, https:\/\/www.espace14-dental.com\/wp-content\/uploads\/2025\/07\/VentonM1_Details_MicroM_Fr-18x6.jpg 18w\" sizes=\"(max-width: 700px) 100vw, 700px\" \/><\/p><p><img loading=\"lazy\" decoding=\"async\" class=\"aligncenter wp-image-3890\" src=\"https:\/\/www.espace14-dental.com\/wp-content\/uploads\/2025\/07\/VentonM1_Details_Pedal_Fr.jpg\" alt=\"Implant Motor Venton M1 by Espace 14\" width=\"700\" height=\"233\" srcset=\"https:\/\/www.espace14-dental.com\/wp-content\/uploads\/2025\/07\/VentonM1_Details_Pedal_Fr.jpg 906w, https:\/\/www.espace14-dental.com\/wp-content\/uploads\/2025\/07\/VentonM1_Details_Pedal_Fr-300x101.jpg 300w, https:\/\/www.espace14-dental.com\/wp-content\/uploads\/2025\/07\/VentonM1_Details_Pedal_Fr-768x259.jpg 768w, https:\/\/www.espace14-dental.com\/wp-content\/uploads\/2025\/07\/VentonM1_Details_Pedal_Fr-18x6.jpg 18w\" sizes=\"(max-width: 700px) 100vw, 700px\" \/><\/p><p><img loading=\"lazy\" decoding=\"async\" class=\"aligncenter wp-image-3892\" src=\"https:\/\/www.espace14-dental.com\/wp-content\/uploads\/2025\/07\/VentonM1_Details_ContraAng_Fr.jpg\" alt=\"Implant Motor Venton M1 by Espace 14\" width=\"700\" height=\"258\" srcset=\"https:\/\/www.espace14-dental.com\/wp-content\/uploads\/2025\/07\/VentonM1_Details_ContraAng_Fr.jpg 906w, https:\/\/www.espace14-dental.com\/wp-content\/uploads\/2025\/07\/VentonM1_Details_ContraAng_Fr-300x111.jpg 300w, https:\/\/www.espace14-dental.com\/wp-content\/uploads\/2025\/07\/VentonM1_Details_ContraAng_Fr-768x284.jpg 768w, https:\/\/www.espace14-dental.com\/wp-content\/uploads\/2025\/07\/VentonM1_Details_ContraAng_Fr-18x7.jpg 18w\" sizes=\"(max-width: 700px) 100vw, 700px\" \/><\/p>                        <\/div>\n\n                    <\/div>\n\n                <\/div><!-- .elementskit-card END -->\n\n                \n                <div class=\"elementskit-card\">\n                    <div class=\"elementskit-card-header\" id=\"primaryHeading-2-ea9624b\">\n                        <a href=\"#collapse-8a1472869fb5619eeb81\" class=\"ekit-accordion--toggler elementskit-btn-link collapsed\" data-ekit-toggle=\"collapse\" data-target=\"#Collapse-8a1472869fb5619eeb81\" aria-expanded=\"false\" aria-controls=\"Collapse-8a1472869fb5619eeb81\">\n                            \n                            <span class=\"ekit-accordion-title\">CARACT\u00c9RISTIQUES TECHNIQUES<\/span>\n\n                            \n                                <div class=\"ekit_accordion_icon_group\">\n                                    <div class=\"ekit_accordion_normal_icon\">\n                                        <!-- Normal Icon -->\n\t\t\t\t\t\t\t\t\t\t<i class=\"icon icon-down-arrow1\"><\/i>                                    <\/div>\n\n                                    <div class=\"ekit_accordion_active_icon\">\n                                        <!-- Active Icon -->\n\t\t\t\t\t\t\t\t\t\t<i class=\"icon icon-up-arrow\"><\/i>                                    <\/div>\n                                <\/div>\n\n                            \n                                                    <\/a>\n                    <\/div>\n\n                    <div id=\"Collapse-8a1472869fb5619eeb81\" class=\"collapse\" aria-labelledby=\"primaryHeading-2-ea9624b\" data-parent=\"#accordion-69fb5619eeb81\">\n\n                        <div class=\"elementskit-card-body ekit-accordion--content\">\n                            <p><img loading=\"lazy\" decoding=\"async\" class=\"wp-image-3873 aligncenter\" src=\"https:\/\/www.espace14-dental.com\/wp-content\/uploads\/2025\/07\/MOTOR_VENTON_M1_Charact_FR_Espace14.jpg\" alt=\"Implant Motor Venton M1 - Characteritics - by Espace 14\" width=\"824\" height=\"311\" srcset=\"https:\/\/www.espace14-dental.com\/wp-content\/uploads\/2025\/07\/MOTOR_VENTON_M1_Charact_FR_Espace14.jpg 2265w, https:\/\/www.espace14-dental.com\/wp-content\/uploads\/2025\/07\/MOTOR_VENTON_M1_Charact_FR_Espace14-300x111.jpg 300w, https:\/\/www.espace14-dental.com\/wp-content\/uploads\/2025\/07\/MOTOR_VENTON_M1_Charact_FR_Espace14-1024x378.jpg 1024w, https:\/\/www.espace14-dental.com\/wp-content\/uploads\/2025\/07\/MOTOR_VENTON_M1_Charact_FR_Espace14-768x283.jpg 768w, https:\/\/www.espace14-dental.com\/wp-content\/uploads\/2025\/07\/MOTOR_VENTON_M1_Charact_FR_Espace14-1536x567.jpg 1536w, https:\/\/www.espace14-dental.com\/wp-content\/uploads\/2025\/07\/MOTOR_VENTON_M1_Charact_FR_Espace14-2048x756.jpg 2048w, https:\/\/www.espace14-dental.com\/wp-content\/uploads\/2025\/07\/MOTOR_VENTON_M1_Charact_FR_Espace14-18x7.jpg 18w\" sizes=\"(max-width: 824px) 100vw, 824px\" \/><\/p>                        <\/div>\n\n                    <\/div>\n\n                <\/div><!-- .elementskit-card END -->\n\n                \n                <div class=\"elementskit-card\">\n                    <div class=\"elementskit-card-header\" id=\"primaryHeading-3-ea9624b\">\n                        <a href=\"#collapse-463692869fb5619eeb81\" class=\"ekit-accordion--toggler elementskit-btn-link collapsed\" data-ekit-toggle=\"collapse\" data-target=\"#Collapse-463692869fb5619eeb81\" aria-expanded=\"false\" aria-controls=\"Collapse-463692869fb5619eeb81\">\n                            \n                            <span class=\"ekit-accordion-title\">MANUFACTURER PARTNER<\/span>\n\n                            \n                                <div class=\"ekit_accordion_icon_group\">\n                                    <div class=\"ekit_accordion_normal_icon\">\n                                        <!-- Normal Icon -->\n\t\t\t\t\t\t\t\t\t\t<i class=\"icon icon-down-arrow1\"><\/i>                                    <\/div>\n\n                                    <div class=\"ekit_accordion_active_icon\">\n                                        <!-- Active Icon -->\n\t\t\t\t\t\t\t\t\t\t<i class=\"icon icon-up-arrow\"><\/i>                                    <\/div>\n                                <\/div>\n\n                            \n                                                    <\/a>\n                    <\/div>\n\n                    <div id=\"Collapse-463692869fb5619eeb81\" class=\"collapse\" aria-labelledby=\"primaryHeading-3-ea9624b\" data-parent=\"#accordion-69fb5619eeb81\">\n\n                        <div class=\"elementskit-card-body ekit-accordion--content\">\n                            <p>Avec <strong>plus de 10 ans d'exp\u00e9rience<\/strong>, notre partenaire est un fabricant professionnel d\u2019instruments dentaires. Cette entreprise applique strictement des normes de qualit\u00e9 pour fournir des <strong>produits m\u00e9dicaux de haute qualit\u00e9<\/strong> sur le march\u00e9. Garantir une excellente satisfaction client avec des efforts constants est sa mission.\u00a0<\/p><p>Il est<strong> certifi\u00e9 ISO 13485<\/strong>, et ses produits ont<strong> l\u2019agr\u00e9ment CE.<\/strong>.<\/p>                        <\/div>\n\n                    <\/div>\n\n                <\/div><!-- .elementskit-card END -->\n\n                                        <\/div>\n    <\/div>\t\t\t\t<\/div>\n\t\t\t\t<\/div>\n\t\t\t\t\t<\/div>\n\t\t\t\t<\/div>\n\t\t<div class=\"elementor-element elementor-element-9456e66 e-flex e-con-boxed e-con e-parent\" data-id=\"9456e66\" data-element_type=\"container\" data-e-type=\"container\">\n\t\t\t\t\t<div class=\"e-con-inner\">\n\t\t\t\t<div class=\"elementor-element elementor-element-eb29646 eael-infobox-content-align--center eael-infobox-shape-square eael-infobox-hover-img-shape-square exad-sticky-section-no exad-glass-effect-no elementor-widget elementor-widget-eael-info-box\" data-id=\"eb29646\" data-element_type=\"widget\" data-e-type=\"widget\" data-widget_type=\"eael-info-box.default\">\n\t\t\t\t<div class=\"elementor-widget-container\">\n\t\t\t\t\t        <div class=\"eael-infobox icon-on-top\">\n\t            <div class=\"infobox-icon\">\n\n                            <img decoding=\"async\" src=\"https:\/\/www.espace14-dental.com\/wp-content\/uploads\/2025\/07\/Guide_Cover.jpg\" alt=\"Implant Motor Venton M1 by Espace 14\">\n            \n            \n            \n        <\/div>\n            <div class=\"infobox-content\">\n                    <div class=\"infobox-title-section\">\n                <h3 class=\"title\">MOTEUR D'IMPLANTOLOGIE VENTON<\/h3>            <\/div>\n            <div><p>T\u00e9l\u00e9charger la brochure<\/p><\/div>        <div class=\"infobox-button\">\n            <a class=\"eael-infobox-button\" href=\"https:\/\/www.espace14-dental.com\/wp-content\/uploads\/2025\/07\/VENTON-Moteurs-M1-M3-FR.pdf\" target=\"_blank\">\n                                                <span class=\"infobox-button-text\">Cliquez ici<\/span>\n                            <\/a>\n        <\/div>\n            <\/div>\n            <\/div>\n\n\t\t\t\t\t\t<\/div>\n\t\t\t\t<\/div>\n\t\t\t\t\t<\/div>\n\t\t\t\t<\/div>\n\t\t<div class=\"elementor-element elementor-element-b59fba2 e-flex e-con-boxed e-con e-parent\" data-id=\"b59fba2\" data-element_type=\"container\" data-e-type=\"container\">\n\t\t\t\t\t<div class=\"e-con-inner\">\n\t\t\t\t\t<\/div>\n\t\t\t\t<\/div>\n\t\t<div class=\"elementor-element elementor-element-4c40280 e-flex e-con-boxed e-con e-parent\" data-id=\"4c40280\" data-element_type=\"container\" data-e-type=\"container\">\n\t\t\t\t\t<div class=\"e-con-inner\">\n\t\t\t\t<div class=\"elementor-element elementor-element-879d6ab exad-sticky-section-no exad-glass-effect-no elementor-widget elementor-widget-spacer\" data-id=\"879d6ab\" data-element_type=\"widget\" data-e-type=\"widget\" data-widget_type=\"spacer.default\">\n\t\t\t\t<div class=\"elementor-widget-container\">\n\t\t\t\t\t\t\t<div class=\"elementor-spacer\">\n\t\t\t<div class=\"elementor-spacer-inner\"><\/div>\n\t\t<\/div>\n\t\t\t\t\t\t<\/div>\n\t\t\t\t<\/div>\n\t\t\t\t\t<\/div>\n\t\t\t\t<\/div>\n\t\t\t\t<\/div>","protected":false},"excerpt":{"rendered":"<p>IMPLANT MOTOR VENTON M1 PRESENTATION One button operation, ease of use, super safe and convenient Freely programming, satisfy the needs of a variety of users Unique high definition LCD screen with no refection, satisfy for 360\u00b0glance Coolant volume setting at 100% reaches at minimum 90ml\/min, it starts simultaneously with handpiece to ensure the sufficient water [&hellip;]<\/p>\n","protected":false},"author":1,"featured_media":0,"parent":0,"menu_order":0,"comment_status":"closed","ping_status":"closed","template":"","meta":{"om_disable_all_campaigns":false,"_monsterinsights_skip_tracking":false,"_monsterinsights_sitenote_active":false,"_monsterinsights_sitenote_note":"","_monsterinsights_sitenote_category":0,"site-sidebar-layout":"no-sidebar","site-content-layout":"page-builder","ast-site-content-layout":"full-width-container","site-content-style":"default","site-sidebar-style":"default","ast-global-header-display":"","ast-banner-title-visibility":"","ast-main-header-display":"","ast-hfb-above-header-display":"","ast-hfb-below-header-display":"","ast-hfb-mobile-header-display":"","site-post-title":"disabled","ast-breadcrumbs-content":"","ast-featured-img":"disabled","footer-sml-layout":"","ast-disable-related-posts":"","theme-transparent-header-meta":"","adv-header-id-meta":"","stick-header-meta":"","header-above-stick-meta":"","header-main-stick-meta":"","header-below-stick-meta":"","astra-migrate-meta-layouts":"set","ast-page-background-enabled":"default","ast-page-background-meta":{"desktop":{"background-color":"var(--ast-global-color-4)","background-image":"","background-repeat":"repeat","background-position":"center center","background-size":"auto","background-attachment":"scroll","background-type":"","background-media":"","overlay-type":"","overlay-color":"","overlay-opacity":"","overlay-gradient":""},"tablet":{"background-color":"","background-image":"","background-repeat":"repeat","background-position":"center center","background-size":"auto","background-attachment":"scroll","background-type":"","background-media":"","overlay-type":"","overlay-color":"","overlay-opacity":"","overlay-gradient":""},"mobile":{"background-color":"","background-image":"","background-repeat":"repeat","background-position":"center center","background-size":"auto","background-attachment":"scroll","background-type":"","background-media":"","overlay-type":"","overlay-color":"","overlay-opacity":"","overlay-gradient":""}},"ast-content-background-meta":{"desktop":{"background-color":"var(--ast-global-color-5)","background-image":"","background-repeat":"repeat","background-position":"center center","background-size":"auto","background-attachment":"scroll","background-type":"","background-media":"","overlay-type":"","overlay-color":"","overlay-opacity":"","overlay-gradient":""},"tablet":{"background-color":"var(--ast-global-color-5)","background-image":"","background-repeat":"repeat","background-position":"center center","background-size":"auto","background-attachment":"scroll","background-type":"","background-media":"","overlay-type":"","overlay-color":"","overlay-opacity":"","overlay-gradient":""},"mobile":{"background-color":"var(--ast-global-color-5)","background-image":"","background-repeat":"repeat","background-position":"center center","background-size":"auto","background-attachment":"scroll","background-type":"","background-media":"","overlay-type":"","overlay-color":"","overlay-opacity":"","overlay-gradient":""}},"footnotes":""},"class_list":["post-3855","page","type-page","status-publish","hentry"],"aioseo_notices":[],"_links":{"self":[{"href":"https:\/\/www.espace14-dental.com\/fr\/wp-json\/wp\/v2\/pages\/3855","targetHints":{"allow":["GET"]}}],"collection":[{"href":"https:\/\/www.espace14-dental.com\/fr\/wp-json\/wp\/v2\/pages"}],"about":[{"href":"https:\/\/www.espace14-dental.com\/fr\/wp-json\/wp\/v2\/types\/page"}],"author":[{"embeddable":true,"href":"https:\/\/www.espace14-dental.com\/fr\/wp-json\/wp\/v2\/users\/1"}],"replies":[{"embeddable":true,"href":"https:\/\/www.espace14-dental.com\/fr\/wp-json\/wp\/v2\/comments?post=3855"}],"version-history":[{"count":48,"href":"https:\/\/www.espace14-dental.com\/fr\/wp-json\/wp\/v2\/pages\/3855\/revisions"}],"predecessor-version":[{"id":4347,"href":"https:\/\/www.espace14-dental.com\/fr\/wp-json\/wp\/v2\/pages\/3855\/revisions\/4347"}],"wp:attachment":[{"href":"https:\/\/www.espace14-dental.com\/fr\/wp-json\/wp\/v2\/media?parent=3855"}],"curies":[{"name":"wp","href":"https:\/\/api.w.org\/{rel}","templated":true}]}}